{"id":660,"date":"2018-07-04T13:14:45","date_gmt":"2018-07-04T10:14:45","guid":{"rendered":"https:\/\/hospitz.com\/?page_id=660"},"modified":"2023-07-05T19:03:53","modified_gmt":"2023-07-05T16:03:53","slug":"location","status":"publish","type":"page","link":"https:\/\/hospitz.com\/en\/location\/","title":{"rendered":"Location"},"content":{"rendered":"<div id=\"pl-660\"  class=\"panel-layout\" ><div id=\"pg-660-0\"  class=\"panel-grid panel-no-style\" ><div id=\"pgc-660-0-0\"  class=\"panel-grid-cell\" ><div id=\"panel-660-0-0-0\" class=\"so-panel widget widget_sow-editor panel-first-child panel-last-child\" data-index=\"0\" ><div\n\t\t\t\n\t\t\tclass=\"so-widget-sow-editor so-widget-sow-editor-base\"\n\t\t\t\n\t\t>\n<div class=\"siteorigin-widget-tinymce textwidget\">\n\t<h5 class=\"p1\" style=\"text-align: center;\">WHERE CAN YOU FIND US?<\/h5>\n<h1 class=\"p1\" style=\"text-align: center;\"><span class=\"s1\">Hospitz in it's place<\/span><\/h1>\n<p class=\"p1\" style=\"text-align: center;\">Hospitz is located in the Savonlinna old town, approximately half kilometer away from Olavinlinna Castle.<\/p>\n<p class=\"p1\" style=\"text-align: center;\">The frontside of the building is located on the historical, cobblestone street, Linnankatu, whereas a small avenue meandering along the shores of Lake Saimaa runs behind the building.<\/p>\n<p class=\"p1\" style=\"text-align: center;\">The market square and the harbour are only a 5 minutes\u2019 walk away.<\/p>\n<p class=\"p1\" style=\"text-align: center;\"><strong><span class=\"s1\">Linnankatu 20, 57130 SAVONLINNA<\/span><\/strong><\/p>\n<\/div>\n<\/div><\/div><\/div><\/div><div id=\"pg-660-1\"  class=\"panel-grid panel-no-style\" ><div id=\"pgc-660-1-0\"  class=\"panel-grid-cell\" ><div id=\"panel-660-1-0-0\" class=\"so-panel widget widget_sow-editor panel-first-child\" data-index=\"1\" ><div\n\t\t\t\n\t\t\tclass=\"so-widget-sow-editor so-widget-sow-editor-base\"\n\t\t\t\n\t\t>\n<div class=\"siteorigin-widget-tinymce textwidget\">\n\t\n<div class=\"container\">\n<iframe src=\"https:\/\/www.google.com\/maps\/embed?pb=!1m18!1m12!1m3!1d940.7067800657562!2d28.89160838189511!3d61.86480259553202!2m3!1f0!2f0!3f0!3m2!1i1024!2i768!4f13.1!3m3!1m2!1s0x469a4ff0d493ba49%3A0xce2545c2c34e6173!2sFamily%20Hotel%20Hospitz!5e0!3m2!1sen!2sfi!4v1653898409482!5m2!1sen!2sfi\" width=\"100%\" height=\"450\" style=\"border:0;\" allowfullscreen=\"\" loading=\"lazy\" referrerpolicy=\"no-referrer-when-downgrade\"><\/iframe>\n<\/div>\n<\/div>\n<\/div><\/div><div id=\"panel-660-1-0-1\" class=\"so-panel widget widget_sow-editor panel-last-child\" data-index=\"2\" ><div\n\t\t\t\n\t\t\tclass=\"so-widget-sow-editor so-widget-sow-editor-base\"\n\t\t\t\n\t\t>\n<div class=\"siteorigin-widget-tinymce textwidget\">\n\t<h5 style=\"text-align: center;\">park your car<\/h5>\n<h1 style=\"text-align: center;\">Parking<\/h1>\n<p style=\"text-align: center;\">Free parking on the Linnankatu street in front of the hotel doors.<br \/>\nAdditionally,\u00a0 you can park your car in hotel's private yard for a price of 15 \u20ac \/ day<br \/>\nHotel's parking has 6x 220v charging outlets for electric cars, included in price.<\/p>\n<p style=\"text-align: center;\">Parking lot cannot be reserved in advance.<\/p>\n<\/div>\n<\/div><\/div><\/div><\/div><div id=\"pg-660-2\"  class=\"panel-grid panel-no-style\" ><div id=\"pgc-660-2-0\"  class=\"panel-grid-cell\" ><div id=\"panel-660-2-0-0\" class=\"so-panel widget widget_sow-image panel-first-child panel-last-child\" data-index=\"3\" ><div\n\t\t\t\n\t\t\tclass=\"so-widget-sow-image so-widget-sow-image-default-8b5b6f678277-660\"\n\t\t\t\n\t\t>\n<div class=\"sow-image-container\">\n\t\t<img fetchpriority=\"high\" \n\tsrc=\"https:\/\/hospitz.com\/wp-content\/uploads\/2018\/06\/Hospitz-0134-800x600.jpg\" width=\"800\" height=\"600\" sizes=\"(max-width: 800px) 100vw, 800px\" alt=\"\" \t\tclass=\"so-widget-image\"\/>\n\t<\/div>\n\n<\/div><\/div><\/div><div id=\"pgc-660-2-1\"  class=\"panel-grid-cell\" ><div id=\"panel-660-2-1-0\" class=\"so-panel widget widget_sow-image panel-first-child panel-last-child\" data-index=\"4\" ><div\n\t\t\t\n\t\t\tclass=\"so-widget-sow-image so-widget-sow-image-default-8b5b6f678277-660\"\n\t\t\t\n\t\t>\n<div class=\"sow-image-container\">\n\t\t<img \n\tsrc=\"https:\/\/hospitz.com\/wp-content\/uploads\/2018\/06\/Hospitz-2-800x600.jpg\" width=\"800\" height=\"600\" sizes=\"(max-width: 800px) 100vw, 800px\" title=\"Hospitz&#8211;2\" alt=\"\" \t\tclass=\"so-widget-image\"\/>\n\t<\/div>\n\n<\/div><\/div><\/div><\/div><div id=\"pg-660-3\"  class=\"panel-grid panel-no-style\" ><div id=\"pgc-660-3-0\"  class=\"panel-grid-cell\" ><div id=\"panel-660-3-0-0\" class=\"so-panel widget widget_sow-editor panel-first-child panel-last-child\" data-index=\"5\" ><div\n\t\t\t\n\t\t\tclass=\"so-widget-sow-editor so-widget-sow-editor-base\"\n\t\t\t\n\t\t>\n<div class=\"siteorigin-widget-tinymce textwidget\">\n\t<h1 class=\"p1\" style=\"text-align: center;\">Guest Harbour<\/h1>\n<p class=\"p1\" style=\"text-align: center;\">The hotel is also accessible by boat at the T\u00f6rninpy\u00f6r\u00e4 guest harbour. It is located almost directly behind the hotel itself.<\/p>\n<p class=\"p1\" style=\"text-align: center;\">The T\u00f6rninpy\u00f6r\u00e4 guest harbour has room for 50 to 60 boats. The daily harbour charge is paid at the Hospitz reception during hotel opening hours.<\/p>\n<p style=\"text-align: center;\">The daily charge includes the use of water, toilets and showers. Guests staying at the harbour can also book the hotel sauna facilities.<\/p>\n<p style=\"text-align: center;\">Please note that there are no facilities for long side berthing available.<\/p>\n<\/div>\n<\/div><\/div><\/div><\/div><\/div>","protected":false},"excerpt":{"rendered":"<p>WHERE CAN YOU FIND US? Hospitz in it&#8217;s place Hospitz is located in the Savonlinna old town, approximately half kilometer away from Olavinlinna&#8230;<\/p>\n","protected":false},"author":2,"featured_media":377,"parent":0,"menu_order":36,"comment_status":"closed","ping_status":"closed","template":"","meta":{"footnotes":""},"class_list":["post-660","page","type-page","status-publish","has-post-thumbnail","hentry"],"yoast_head":"<!-- This site is optimized with the Yoast SEO plugin v27.4 - https:\/\/yoast.com\/product\/yoast-seo-wordpress\/ -->\n<title>Location - Hotel Hospitz<\/title>\n<meta name=\"description\" content=\"Hospitz is located in the Savonlinna old town, approximately half kilometer away from Olavinlinna Castle. The market square and the harbour are only a 5 minutes\u2019 walk away.\" \/>\n<meta name=\"robots\" content=\"index, follow, max-snippet:-1, max-image-preview:large, max-video-preview:-1\" \/>\n<link rel=\"canonical\" href=\"https:\/\/hospitz.com\/en\/location\/\" \/>\n<meta property=\"og:locale\" content=\"en_US\" \/>\n<meta property=\"og:type\" content=\"article\" \/>\n<meta property=\"og:title\" content=\"Location - Hotel Hospitz\" \/>\n<meta property=\"og:description\" content=\"Hospitz is located in the Savonlinna old town, approximately half kilometer away from Olavinlinna Castle. The market square and the harbour are only a 5 minutes\u2019 walk away.\" \/>\n<meta property=\"og:url\" content=\"https:\/\/hospitz.com\/en\/location\/\" \/>\n<meta property=\"og:site_name\" content=\"Hotel Hospitz\" \/>\n<meta property=\"article:publisher\" content=\"https:\/\/www.facebook.com\/HotelliHospitz\" \/>\n<meta property=\"article:modified_time\" content=\"2023-07-05T16:03:53+00:00\" \/>\n<meta property=\"og:image\" content=\"https:\/\/hospitz.com\/wp-content\/uploads\/2018\/06\/Hospitz.jpg\" \/>\n\t<meta property=\"og:image:width\" content=\"2000\" \/>\n\t<meta property=\"og:image:height\" content=\"1333\" \/>\n\t<meta property=\"og:image:type\" content=\"image\/jpeg\" \/>\n<meta name=\"twitter:card\" content=\"summary_large_image\" \/>\n<meta name=\"twitter:label1\" content=\"Est. reading time\" \/>\n\t<meta name=\"twitter:data1\" content=\"2 minutes\" \/>\n<script type=\"application\/ld+json\" class=\"yoast-schema-graph\">{\"@context\":\"https:\\\/\\\/schema.org\",\"@graph\":[{\"@type\":\"WebPage\",\"@id\":\"https:\\\/\\\/hospitz.com\\\/en\\\/location\\\/\",\"url\":\"https:\\\/\\\/hospitz.com\\\/en\\\/location\\\/\",\"name\":\"Location - Hotel Hospitz\",\"isPartOf\":{\"@id\":\"https:\\\/\\\/hospitz.com\\\/#website\"},\"primaryImageOfPage\":{\"@id\":\"https:\\\/\\\/hospitz.com\\\/en\\\/location\\\/#primaryimage\"},\"image\":{\"@id\":\"https:\\\/\\\/hospitz.com\\\/en\\\/location\\\/#primaryimage\"},\"thumbnailUrl\":\"https:\\\/\\\/hospitz.com\\\/wp-content\\\/uploads\\\/2018\\\/06\\\/Hospitz.jpg\",\"datePublished\":\"2018-07-04T10:14:45+00:00\",\"dateModified\":\"2023-07-05T16:03:53+00:00\",\"description\":\"Hospitz is located in the Savonlinna old town, approximately half kilometer away from Olavinlinna Castle. The market square and the harbour are only a 5 minutes\u2019 walk away.\",\"breadcrumb\":{\"@id\":\"https:\\\/\\\/hospitz.com\\\/en\\\/location\\\/#breadcrumb\"},\"inLanguage\":\"en-US\",\"potentialAction\":[{\"@type\":\"ReadAction\",\"target\":[\"https:\\\/\\\/hospitz.com\\\/en\\\/location\\\/\"]}]},{\"@type\":\"ImageObject\",\"inLanguage\":\"en-US\",\"@id\":\"https:\\\/\\\/hospitz.com\\\/en\\\/location\\\/#primaryimage\",\"url\":\"https:\\\/\\\/hospitz.com\\\/wp-content\\\/uploads\\\/2018\\\/06\\\/Hospitz.jpg\",\"contentUrl\":\"https:\\\/\\\/hospitz.com\\\/wp-content\\\/uploads\\\/2018\\\/06\\\/Hospitz.jpg\",\"width\":2000,\"height\":1333},{\"@type\":\"BreadcrumbList\",\"@id\":\"https:\\\/\\\/hospitz.com\\\/en\\\/location\\\/#breadcrumb\",\"itemListElement\":[{\"@type\":\"ListItem\",\"position\":1,\"name\":\"Home\",\"item\":\"https:\\\/\\\/hospitz.com\\\/en\\\/\"},{\"@type\":\"ListItem\",\"position\":2,\"name\":\"Location\"}]},{\"@type\":\"WebSite\",\"@id\":\"https:\\\/\\\/hospitz.com\\\/#website\",\"url\":\"https:\\\/\\\/hospitz.com\\\/\",\"name\":\"Hotel Hospitz\",\"description\":\"\",\"publisher\":{\"@id\":\"https:\\\/\\\/hospitz.com\\\/#organization\"},\"potentialAction\":[{\"@type\":\"SearchAction\",\"target\":{\"@type\":\"EntryPoint\",\"urlTemplate\":\"https:\\\/\\\/hospitz.com\\\/?s={search_term_string}\"},\"query-input\":{\"@type\":\"PropertyValueSpecification\",\"valueRequired\":true,\"valueName\":\"search_term_string\"}}],\"inLanguage\":\"en-US\"},{\"@type\":\"Organization\",\"@id\":\"https:\\\/\\\/hospitz.com\\\/#organization\",\"name\":\"Hotel Hospitz\",\"url\":\"https:\\\/\\\/hospitz.com\\\/\",\"logo\":{\"@type\":\"ImageObject\",\"inLanguage\":\"en-US\",\"@id\":\"https:\\\/\\\/hospitz.com\\\/#\\\/schema\\\/logo\\\/image\\\/\",\"url\":\"https:\\\/\\\/hospitz.com\\\/wp-content\\\/uploads\\\/2024\\\/06\\\/cropped-Hospitz_pallologo_keltainentausta.png\",\"contentUrl\":\"https:\\\/\\\/hospitz.com\\\/wp-content\\\/uploads\\\/2024\\\/06\\\/cropped-Hospitz_pallologo_keltainentausta.png\",\"width\":1843,\"height\":1843,\"caption\":\"Hotel Hospitz\"},\"image\":{\"@id\":\"https:\\\/\\\/hospitz.com\\\/#\\\/schema\\\/logo\\\/image\\\/\"},\"sameAs\":[\"https:\\\/\\\/www.facebook.com\\\/HotelliHospitz\",\"https:\\\/\\\/www.instagram.com\\\/hotellihospitz\\\/\"]}]}<\/script>\n<!-- \/ Yoast SEO plugin. -->","yoast_head_json":{"title":"Location - Hotel Hospitz","description":"Hospitz is located in the Savonlinna old town, approximately half kilometer away from Olavinlinna Castle. The market square and the harbour are only a 5 minutes\u2019 walk away.","robots":{"index":"index","follow":"follow","max-snippet":"max-snippet:-1","max-image-preview":"max-image-preview:large","max-video-preview":"max-video-preview:-1"},"canonical":"https:\/\/hospitz.com\/en\/location\/","og_locale":"en_US","og_type":"article","og_title":"Location - Hotel Hospitz","og_description":"Hospitz is located in the Savonlinna old town, approximately half kilometer away from Olavinlinna Castle. The market square and the harbour are only a 5 minutes\u2019 walk away.","og_url":"https:\/\/hospitz.com\/en\/location\/","og_site_name":"Hotel Hospitz","article_publisher":"https:\/\/www.facebook.com\/HotelliHospitz","article_modified_time":"2023-07-05T16:03:53+00:00","og_image":[{"width":2000,"height":1333,"url":"https:\/\/hospitz.com\/wp-content\/uploads\/2018\/06\/Hospitz.jpg","type":"image\/jpeg"}],"twitter_card":"summary_large_image","twitter_misc":{"Est. reading time":"2 minutes"},"schema":{"@context":"https:\/\/schema.org","@graph":[{"@type":"WebPage","@id":"https:\/\/hospitz.com\/en\/location\/","url":"https:\/\/hospitz.com\/en\/location\/","name":"Location - Hotel Hospitz","isPartOf":{"@id":"https:\/\/hospitz.com\/#website"},"primaryImageOfPage":{"@id":"https:\/\/hospitz.com\/en\/location\/#primaryimage"},"image":{"@id":"https:\/\/hospitz.com\/en\/location\/#primaryimage"},"thumbnailUrl":"https:\/\/hospitz.com\/wp-content\/uploads\/2018\/06\/Hospitz.jpg","datePublished":"2018-07-04T10:14:45+00:00","dateModified":"2023-07-05T16:03:53+00:00","description":"Hospitz is located in the Savonlinna old town, approximately half kilometer away from Olavinlinna Castle. The market square and the harbour are only a 5 minutes\u2019 walk away.","breadcrumb":{"@id":"https:\/\/hospitz.com\/en\/location\/#breadcrumb"},"inLanguage":"en-US","potentialAction":[{"@type":"ReadAction","target":["https:\/\/hospitz.com\/en\/location\/"]}]},{"@type":"ImageObject","inLanguage":"en-US","@id":"https:\/\/hospitz.com\/en\/location\/#primaryimage","url":"https:\/\/hospitz.com\/wp-content\/uploads\/2018\/06\/Hospitz.jpg","contentUrl":"https:\/\/hospitz.com\/wp-content\/uploads\/2018\/06\/Hospitz.jpg","width":2000,"height":1333},{"@type":"BreadcrumbList","@id":"https:\/\/hospitz.com\/en\/location\/#breadcrumb","itemListElement":[{"@type":"ListItem","position":1,"name":"Home","item":"https:\/\/hospitz.com\/en\/"},{"@type":"ListItem","position":2,"name":"Location"}]},{"@type":"WebSite","@id":"https:\/\/hospitz.com\/#website","url":"https:\/\/hospitz.com\/","name":"Hotel Hospitz","description":"","publisher":{"@id":"https:\/\/hospitz.com\/#organization"},"potentialAction":[{"@type":"SearchAction","target":{"@type":"EntryPoint","urlTemplate":"https:\/\/hospitz.com\/?s={search_term_string}"},"query-input":{"@type":"PropertyValueSpecification","valueRequired":true,"valueName":"search_term_string"}}],"inLanguage":"en-US"},{"@type":"Organization","@id":"https:\/\/hospitz.com\/#organization","name":"Hotel Hospitz","url":"https:\/\/hospitz.com\/","logo":{"@type":"ImageObject","inLanguage":"en-US","@id":"https:\/\/hospitz.com\/#\/schema\/logo\/image\/","url":"https:\/\/hospitz.com\/wp-content\/uploads\/2024\/06\/cropped-Hospitz_pallologo_keltainentausta.png","contentUrl":"https:\/\/hospitz.com\/wp-content\/uploads\/2024\/06\/cropped-Hospitz_pallologo_keltainentausta.png","width":1843,"height":1843,"caption":"Hotel Hospitz"},"image":{"@id":"https:\/\/hospitz.com\/#\/schema\/logo\/image\/"},"sameAs":["https:\/\/www.facebook.com\/HotelliHospitz","https:\/\/www.instagram.com\/hotellihospitz\/"]}]}},"_links":{"self":[{"href":"https:\/\/hospitz.com\/en\/wp-json\/wp\/v2\/pages\/660","targetHints":{"allow":["GET"]}}],"collection":[{"href":"https:\/\/hospitz.com\/en\/wp-json\/wp\/v2\/pages"}],"about":[{"href":"https:\/\/hospitz.com\/en\/wp-json\/wp\/v2\/types\/page"}],"author":[{"embeddable":true,"href":"https:\/\/hospitz.com\/en\/wp-json\/wp\/v2\/users\/2"}],"replies":[{"embeddable":true,"href":"https:\/\/hospitz.com\/en\/wp-json\/wp\/v2\/comments?post=660"}],"version-history":[{"count":34,"href":"https:\/\/hospitz.com\/en\/wp-json\/wp\/v2\/pages\/660\/revisions"}],"predecessor-version":[{"id":4581,"href":"https:\/\/hospitz.com\/en\/wp-json\/wp\/v2\/pages\/660\/revisions\/4581"}],"wp:featuredmedia":[{"embeddable":true,"href":"https:\/\/hospitz.com\/en\/wp-json\/wp\/v2\/media\/377"}],"wp:attachment":[{"href":"https:\/\/hospitz.com\/en\/wp-json\/wp\/v2\/media?parent=660"}],"curies":[{"name":"wp","href":"https:\/\/api.w.org\/{rel}","templated":true}]}}