{"id":637,"date":"2018-07-04T13:00:00","date_gmt":"2018-07-04T10:00:00","guid":{"rendered":"https:\/\/hospitz.com\/?page_id=637"},"modified":"2018-07-05T09:39:34","modified_gmt":"2018-07-05T06:39:34","slug":"our-story","status":"publish","type":"page","link":"https:\/\/hospitz.com\/en\/our-story\/","title":{"rendered":"Our Story"},"content":{"rendered":"<div id=\"pl-637\"  class=\"panel-layout\" ><div id=\"pg-637-0\"  class=\"panel-grid panel-has-style\" ><div class=\"siteorigin-panels-stretch panel-row-style panel-row-style-for-637-0\" data-stretch-type=\"full-stretched\" ><div id=\"pgc-637-0-0\"  class=\"panel-grid-cell\" ><div id=\"panel-637-0-0-0\" class=\"so-panel widget widget_sow-editor panel-first-child panel-last-child\" data-index=\"0\" ><div\n\t\t\t\n\t\t\tclass=\"so-widget-sow-editor so-widget-sow-editor-base\"\n\t\t\t\n\t\t>\n<div class=\"siteorigin-widget-tinymce textwidget\">\n\t\n  \n  <section class=\"dg-two-columns-section bg-gray text-blocks-thin bg-grid-white-fill\">\n\n      \t\n        <article>\n\n          <div class=\"dg-two-columns dg-two_columns_shift\">\n\n              \n              <div class=\"item image-bg\" style=\"background-image:url('https:\/\/hospitz.com\/wp-content\/uploads\/2018\/05\/img-1.jpg')\">\n              <\/div><!-- .item -->\n\n              <div class=\"item\">\n\n                <div class=\"content\">\n                  \t\n\t\t\t\t\t<h5>WINDS OF CHANGE<\/h5>\n<h1>Welcome to HOSPITZ<\/h1>\n<p>Since the 1930s, this building has served as a home for travellers in one form or another. The new owners, Kalevi Korjala and Anne Timberg, wish to welcome all guests to Lake Saimaa, in the heart of Savonlinna! Whether you are an Opera Festival visitor or an occasional traveller, at our hotel you will find accommodation, food and the stunning surroundings of Lake Saimaa.<\/p>\n\t\t\t\t\t\n\t\t\t\t\t\n                <\/div>\n\n              <\/div><!-- .item -->\n\n\n          <\/div><!-- .dg-two-columns -->\n\n      <\/article>\n\n      \t\n        <article>\n\n          <div class=\"dg-two-columns dg-two_columns_shift\">\n\n              \n              <div class=\"item image-bg\" style=\"background-image:url('https:\/\/hospitz.com\/wp-content\/uploads\/2018\/06\/hospitz.jpg')\">\n              <\/div><!-- .item -->\n\n              <div class=\"item\">\n\n                <div class=\"content\">\n                  \t\n\t\t\t\t\t<h5>FROM A TRAVELLERS\u2019 HOME TO HOTEL<\/h5>\n<h1>Accommodation since 1933<\/h1>\n<p>Hospitz has a long history, and the Finnish Heritage Agency has classified it as a historically significant building with a scenic value.<\/p>\n<p>The building was designed by Finnish architect Wivi L\u00f6nn, and it was originally built as a travellers\u2019 home and facilities for the Young Women\u2019s Christian Association.<\/p>\n\t\t\t\t\t\n\t\t\t\t\t\n                <\/div>\n\n              <\/div><!-- .item -->\n\n\n          <\/div><!-- .dg-two-columns -->\n\n      <\/article>\n\n      \n\n  <\/section>\n\n\n<\/div>\n<\/div><\/div><\/div><\/div><\/div><div id=\"pg-637-1\"  class=\"panel-grid panel-has-style\" ><div class=\"siteorigin-panels-stretch panel-row-style panel-row-style-for-637-1\" data-stretch-type=\"full-stretched\" ><div id=\"pgc-637-1-0\"  class=\"panel-grid-cell\" ><div id=\"panel-637-1-0-0\" class=\"so-panel widget widget_sow-editor panel-first-child panel-last-child\" data-index=\"1\" ><div\n\t\t\t\n\t\t\tclass=\"so-widget-sow-editor so-widget-sow-editor-base\"\n\t\t\t\n\t\t>\n<div class=\"siteorigin-widget-tinymce textwidget\">\n\t<h5 style=\"text-align: center;\">A PLACE FULL OF HISTORY<\/h5>\n<h1 style=\"text-align: center;\">The history of Hospitz spans back to the 1930s<\/h1>\n<\/div>\n<\/div><\/div><\/div><\/div><\/div><div id=\"pg-637-2\"  class=\"panel-grid panel-has-style\" ><div class=\"siteorigin-panels-stretch panel-row-style panel-row-style-for-637-2\" data-stretch-type=\"full\" ><div id=\"pgc-637-2-0\"  class=\"panel-grid-cell\" ><div id=\"panel-637-2-0-0\" class=\"so-panel widget widget_sow-editor panel-first-child panel-last-child\" data-index=\"2\" ><div\n\t\t\t\n\t\t\tclass=\"so-widget-sow-editor so-widget-sow-editor-base\"\n\t\t\t\n\t\t>\n<div class=\"siteorigin-widget-tinymce textwidget\">\n\t<p class=\"p1\">Hospitz has a long history, and the Finnish Heritage Agency has classified it as a historically significant building with a scenic value.<\/p>\n<p class=\"p1\">Hospitz was originally built as a travellers\u2019 home and facilities for the Young Women\u2019s Christian Association.<\/p>\n<p class=\"p1\">Architecturally, the building's style is Nordic Classicism, characterized by the asymmetric plan and facade.<\/p>\n<p class=\"p1\">The building was designed by Finnish architect Wivi L\u00f6nn in 1929\u201330, and the building plans were approved in 1931.\u00a0The building was inaugurated on the 26th of February, 1933.<\/p>\n<\/div>\n<\/div><\/div><\/div><div id=\"pgc-637-2-1\"  class=\"panel-grid-cell\" ><div id=\"panel-637-2-1-0\" class=\"so-panel widget widget_sow-editor panel-first-child panel-last-child\" data-index=\"3\" ><div\n\t\t\t\n\t\t\tclass=\"so-widget-sow-editor so-widget-sow-editor-base\"\n\t\t\t\n\t\t>\n<div class=\"siteorigin-widget-tinymce textwidget\">\n\t<p class=\"p1\"><span class=\"s1\">During the wars, the hotel was in military use; it accommodated both soldiers and \u2018lotta\u2019, members of the nationalist Finnish women's voluntary corps. The hotel cellar housed the military phone centre, Voima.<\/span><\/p>\n<p class=\"p1\"><span class=\"s1\">In 1992, the hotel company V. O. Kuitunen founded the Family Hotel Hospitz in this building, and in 2011 they bought the whole building.<\/span><\/p>\n<p class=\"p1\"><span class=\"s1\">The following year, the facade was rendered and repaired with the help of the renovation funding granted by the Finnish Heritage Agency.<\/span><\/p>\n<p class=\"p1\"><span class=\"s1\">The originally light grey building is nowadays yellow.<\/span><\/p>\n<p class=\"p1\"><span class=\"s1\">In March 2018, the hotel was sold to Wivilla Oy. The company is named after Wivi L\u00f6nn.<\/span><\/p>\n<\/div>\n<\/div><\/div><\/div><\/div><\/div><div id=\"pg-637-3\"  class=\"panel-grid panel-has-style\" ><div class=\"siteorigin-panels-stretch panel-row-style panel-row-style-for-637-3\" data-stretch-type=\"full\" ><div id=\"pgc-637-3-0\"  class=\"panel-grid-cell\" ><div id=\"panel-637-3-0-0\" class=\"so-panel widget widget_sow-editor panel-first-child panel-last-child\" data-index=\"4\" ><div\n\t\t\t\n\t\t\tclass=\"so-widget-sow-editor so-widget-sow-editor-base\"\n\t\t\t\n\t\t>\n<div class=\"siteorigin-widget-tinymce textwidget\">\n\t<h1 class=\"p1\"><span class=\"s1\">Olivia Mathilda \"Wivi\" L\u00f6nn (1872-1966)<\/span><\/h1>\n<p class=\"p1\">L\u00f6nn was the first female architect in Finland (and perhaps in Europe) to establish and run her own architectural office. She was born in 1872 in Tampere, in a family of four other children.<\/p>\n<p class=\"p1\">Because she was a woman, she had to get a special dispensation to study architecture in the Industrial School of Tampere, and designing the Girls\u2019 School in Tampere was her first significant commission.<\/p>\n<p class=\"p1\">This kind of success caused a considerable stir in the male-dominated architectural circles and surprisingly, even in women's movements.<\/p>\n<p class=\"p1\">Buildings designed by L\u00f6nn include the Central Fire Station in Tampere, the Estonia Theatre in Tallinn, and the old Primary School in Savonlinna.<\/p>\n<p class=\"p1\">Her career as an architect lasted from 1898 to 1945, and her last design was the T\u00e4htel\u00e4 Observatory in Sodankyl\u00e4.<\/p>\n<p class=\"p1\">Despite her relatively short career, her legacy still runs strong. The launching of Architecta, the Association of Finnish Women Architects, took place in 1942, in L\u00f6nn's honour. She was officially awarded the title of Professor in 1959 (as the first female architect in Finland).<\/p>\n<p class=\"p1\">L\u00f6nn died in Helsinki in 1966 at the age of 94. She is buried in her family grave in Tampere.<\/p>\n<\/div>\n<\/div><\/div><\/div><div id=\"pgc-637-3-1\"  class=\"panel-grid-cell\" ><div id=\"panel-637-3-1-0\" class=\"so-panel widget widget_sow-image panel-first-child panel-last-child\" data-index=\"5\" ><div\n\t\t\t\n\t\t\tclass=\"so-widget-sow-image so-widget-sow-image-default-c67d20f9f743-637\"\n\t\t\t\n\t\t>\n<div class=\"sow-image-container\">\n\t\t<img fetchpriority=\"high\" \n\tsrc=\"https:\/\/hospitz.com\/wp-content\/uploads\/2018\/06\/Wivi.jpg\" width=\"396\" height=\"504\" srcset=\"https:\/\/hospitz.com\/wp-content\/uploads\/2018\/06\/Wivi.jpg 396w, https:\/\/hospitz.com\/wp-content\/uploads\/2018\/06\/Wivi-236x300.jpg 236w\" sizes=\"(max-width: 396px) 100vw, 396px\" alt=\"\" \t\tclass=\"so-widget-image\"\/>\n\t<\/div>\n\n<\/div><\/div><\/div><\/div><\/div><div id=\"pg-637-4\"  class=\"panel-grid panel-has-style\" ><div class=\"siteorigin-panels-stretch panel-row-style panel-row-style-for-637-4\" data-stretch-type=\"full\" ><div id=\"pgc-637-4-0\"  class=\"panel-grid-cell panel-grid-cell-mobile-last\" ><div id=\"panel-637-4-0-0\" class=\"so-panel widget widget_sow-editor panel-first-child panel-last-child\" data-index=\"6\" ><div\n\t\t\t\n\t\t\tclass=\"so-widget-sow-editor so-widget-sow-editor-base\"\n\t\t\t\n\t\t>\n<div class=\"siteorigin-widget-tinymce textwidget\">\n\t<h5>SOME TRIVIA:<\/h5>\n<p>In 1902, L\u00f6nn caused public offence by riding a bicycle to the town of Joutsa, while wearing pants. It was even mentioned in the sermon by the local priest.<br \/>\nL\u00f6nn is related, on her mother\u2019s side, to J. S. Sir\u00e9n, who subsequently designed the Parliament House in Helsinki.<br \/>\nL\u00f6nn\u2019s design was the winning entry in the competition for designing the volunteer fire department building in Tampere but she was not allowed to proceed with the design because it was \u201ca men\u2019s building\u201d.<\/p>\n<\/div>\n<\/div><\/div><\/div><div id=\"pgc-637-4-1\"  class=\"panel-grid-cell panel-grid-cell-empty\" ><\/div><\/div><\/div><div id=\"pg-637-5\"  class=\"panel-grid panel-has-style\" ><div class=\"siteorigin-panels-stretch panel-row-style panel-row-style-for-637-5\" data-stretch-type=\"full\" ><div id=\"pgc-637-5-0\"  class=\"panel-grid-cell\" ><div id=\"panel-637-5-0-0\" class=\"so-panel widget widget_sow-image panel-first-child panel-last-child\" data-index=\"7\" ><div\n\t\t\t\n\t\t\tclass=\"so-widget-sow-image so-widget-sow-image-default-c67d20f9f743-637\"\n\t\t\t\n\t\t>\n<div class=\"sow-image-container\">\n\t\t<img \n\tsrc=\"https:\/\/hospitz.com\/wp-content\/uploads\/2018\/07\/1-800x600.jpg\" width=\"800\" height=\"600\" sizes=\"(max-width: 800px) 100vw, 800px\" alt=\"\" \t\tclass=\"so-widget-image\"\/>\n\t<\/div>\n\n<\/div><\/div><\/div><div id=\"pgc-637-5-1\"  class=\"panel-grid-cell\" ><div id=\"panel-637-5-1-0\" class=\"so-panel widget widget_sow-image panel-first-child panel-last-child\" data-index=\"8\" ><div\n\t\t\t\n\t\t\tclass=\"so-widget-sow-image so-widget-sow-image-default-c67d20f9f743-637\"\n\t\t\t\n\t\t>\n<div class=\"sow-image-container\">\n\t\t<img \n\tsrc=\"https:\/\/hospitz.com\/wp-content\/uploads\/2018\/07\/2-800x600.jpg\" width=\"800\" height=\"600\" sizes=\"(max-width: 800px) 100vw, 800px\" alt=\"\" \t\tclass=\"so-widget-image\"\/>\n\t<\/div>\n\n<\/div><\/div><\/div><\/div><\/div><div id=\"pg-637-6\"  class=\"panel-grid panel-has-style\" ><div class=\"siteorigin-panels-stretch panel-row-style panel-row-style-for-637-6\" data-stretch-type=\"full\" ><div id=\"pgc-637-6-0\"  class=\"panel-grid-cell\" ><div id=\"panel-637-6-0-0\" class=\"so-panel widget widget_sow-image panel-first-child panel-last-child\" data-index=\"9\" ><div\n\t\t\t\n\t\t\tclass=\"so-widget-sow-image so-widget-sow-image-default-c67d20f9f743-637\"\n\t\t\t\n\t\t>\n<div class=\"sow-image-container\">\n\t\t<img loading=\"lazy\" \n\tsrc=\"https:\/\/hospitz.com\/wp-content\/uploads\/2018\/07\/3-800x600.jpg\" width=\"800\" height=\"600\" sizes=\"(max-width: 800px) 100vw, 800px\" alt=\"\" \t\tclass=\"so-widget-image\"\/>\n\t<\/div>\n\n<\/div><\/div><\/div><div id=\"pgc-637-6-1\"  class=\"panel-grid-cell\" ><div id=\"panel-637-6-1-0\" class=\"so-panel widget widget_sow-image panel-first-child panel-last-child\" data-index=\"10\" ><div\n\t\t\t\n\t\t\tclass=\"so-widget-sow-image so-widget-sow-image-default-c67d20f9f743-637\"\n\t\t\t\n\t\t>\n<div class=\"sow-image-container\">\n\t\t<img loading=\"lazy\" \n\tsrc=\"https:\/\/hospitz.com\/wp-content\/uploads\/2018\/07\/4-800x600.jpg\" width=\"800\" height=\"600\" sizes=\"(max-width: 800px) 100vw, 800px\" alt=\"\" \t\tclass=\"so-widget-image\"\/>\n\t<\/div>\n\n<\/div><\/div><\/div><\/div><\/div><\/div>","protected":false},"excerpt":{"rendered":"<p>A PLACE FULL OF HISTORY The history of Hospitz spans back to the 1930s<\/p>\n","protected":false},"author":2,"featured_media":369,"parent":0,"menu_order":43,"comment_status":"closed","ping_status":"closed","template":"page-template-tarinamme.php","meta":{"footnotes":""},"class_list":["post-637","page","type-page","status-publish","has-post-thumbnail","hentry"],"yoast_head":"<!-- This site is optimized with the Yoast SEO plugin v27.4 - https:\/\/yoast.com\/product\/yoast-seo-wordpress\/ -->\n<title>Our Story - Hotel Hospitz<\/title>\n<meta name=\"description\" content=\"Hospitz has a long history, and the Finnish Heritage Agency has classified it as a historically significant building with a scenic value.\" \/>\n<meta name=\"robots\" content=\"index, follow, max-snippet:-1, max-image-preview:large, max-video-preview:-1\" \/>\n<link rel=\"canonical\" href=\"https:\/\/hospitz.com\/en\/our-story\/\" \/>\n<meta property=\"og:locale\" content=\"en_US\" \/>\n<meta property=\"og:type\" content=\"article\" \/>\n<meta property=\"og:title\" content=\"Our Story - Hotel Hospitz\" \/>\n<meta property=\"og:description\" content=\"Hospitz has a long history, and the Finnish Heritage Agency has classified it as a historically significant building with a scenic value.\" \/>\n<meta property=\"og:url\" content=\"https:\/\/hospitz.com\/en\/our-story\/\" \/>\n<meta property=\"og:site_name\" content=\"Hotel Hospitz\" \/>\n<meta property=\"article:publisher\" content=\"https:\/\/www.facebook.com\/HotelliHospitz\" \/>\n<meta property=\"article:modified_time\" content=\"2018-07-05T06:39:34+00:00\" \/>\n<meta property=\"og:image\" content=\"https:\/\/hospitz.com\/wp-content\/uploads\/2018\/06\/Hospitz-0208.jpg\" \/>\n\t<meta property=\"og:image:width\" content=\"2000\" \/>\n\t<meta property=\"og:image:height\" content=\"1333\" \/>\n\t<meta property=\"og:image:type\" content=\"image\/jpeg\" \/>\n<meta name=\"twitter:card\" content=\"summary_large_image\" \/>\n<meta name=\"twitter:label1\" content=\"Est. reading time\" \/>\n\t<meta name=\"twitter:data1\" content=\"3 minutes\" \/>\n<script type=\"application\/ld+json\" class=\"yoast-schema-graph\">{\"@context\":\"https:\\\/\\\/schema.org\",\"@graph\":[{\"@type\":\"WebPage\",\"@id\":\"https:\\\/\\\/hospitz.com\\\/en\\\/our-story\\\/\",\"url\":\"https:\\\/\\\/hospitz.com\\\/en\\\/our-story\\\/\",\"name\":\"Our Story - Hotel Hospitz\",\"isPartOf\":{\"@id\":\"https:\\\/\\\/hospitz.com\\\/#website\"},\"primaryImageOfPage\":{\"@id\":\"https:\\\/\\\/hospitz.com\\\/en\\\/our-story\\\/#primaryimage\"},\"image\":{\"@id\":\"https:\\\/\\\/hospitz.com\\\/en\\\/our-story\\\/#primaryimage\"},\"thumbnailUrl\":\"https:\\\/\\\/hospitz.com\\\/wp-content\\\/uploads\\\/2018\\\/06\\\/Hospitz-0208.jpg\",\"datePublished\":\"2018-07-04T10:00:00+00:00\",\"dateModified\":\"2018-07-05T06:39:34+00:00\",\"description\":\"Hospitz has a long history, and the Finnish Heritage Agency has classified it as a historically significant building with a scenic value.\",\"breadcrumb\":{\"@id\":\"https:\\\/\\\/hospitz.com\\\/en\\\/our-story\\\/#breadcrumb\"},\"inLanguage\":\"en-US\",\"potentialAction\":[{\"@type\":\"ReadAction\",\"target\":[\"https:\\\/\\\/hospitz.com\\\/en\\\/our-story\\\/\"]}]},{\"@type\":\"ImageObject\",\"inLanguage\":\"en-US\",\"@id\":\"https:\\\/\\\/hospitz.com\\\/en\\\/our-story\\\/#primaryimage\",\"url\":\"https:\\\/\\\/hospitz.com\\\/wp-content\\\/uploads\\\/2018\\\/06\\\/Hospitz-0208.jpg\",\"contentUrl\":\"https:\\\/\\\/hospitz.com\\\/wp-content\\\/uploads\\\/2018\\\/06\\\/Hospitz-0208.jpg\",\"width\":2000,\"height\":1333},{\"@type\":\"BreadcrumbList\",\"@id\":\"https:\\\/\\\/hospitz.com\\\/en\\\/our-story\\\/#breadcrumb\",\"itemListElement\":[{\"@type\":\"ListItem\",\"position\":1,\"name\":\"Home\",\"item\":\"https:\\\/\\\/hospitz.com\\\/en\\\/\"},{\"@type\":\"ListItem\",\"position\":2,\"name\":\"Our Story\"}]},{\"@type\":\"WebSite\",\"@id\":\"https:\\\/\\\/hospitz.com\\\/#website\",\"url\":\"https:\\\/\\\/hospitz.com\\\/\",\"name\":\"Hotel Hospitz\",\"description\":\"\",\"publisher\":{\"@id\":\"https:\\\/\\\/hospitz.com\\\/#organization\"},\"potentialAction\":[{\"@type\":\"SearchAction\",\"target\":{\"@type\":\"EntryPoint\",\"urlTemplate\":\"https:\\\/\\\/hospitz.com\\\/?s={search_term_string}\"},\"query-input\":{\"@type\":\"PropertyValueSpecification\",\"valueRequired\":true,\"valueName\":\"search_term_string\"}}],\"inLanguage\":\"en-US\"},{\"@type\":\"Organization\",\"@id\":\"https:\\\/\\\/hospitz.com\\\/#organization\",\"name\":\"Hotel Hospitz\",\"url\":\"https:\\\/\\\/hospitz.com\\\/\",\"logo\":{\"@type\":\"ImageObject\",\"inLanguage\":\"en-US\",\"@id\":\"https:\\\/\\\/hospitz.com\\\/#\\\/schema\\\/logo\\\/image\\\/\",\"url\":\"https:\\\/\\\/hospitz.com\\\/wp-content\\\/uploads\\\/2024\\\/06\\\/cropped-Hospitz_pallologo_keltainentausta.png\",\"contentUrl\":\"https:\\\/\\\/hospitz.com\\\/wp-content\\\/uploads\\\/2024\\\/06\\\/cropped-Hospitz_pallologo_keltainentausta.png\",\"width\":1843,\"height\":1843,\"caption\":\"Hotel Hospitz\"},\"image\":{\"@id\":\"https:\\\/\\\/hospitz.com\\\/#\\\/schema\\\/logo\\\/image\\\/\"},\"sameAs\":[\"https:\\\/\\\/www.facebook.com\\\/HotelliHospitz\",\"https:\\\/\\\/www.instagram.com\\\/hotellihospitz\\\/\"]}]}<\/script>\n<!-- \/ Yoast SEO plugin. -->","yoast_head_json":{"title":"Our Story - Hotel Hospitz","description":"Hospitz has a long history, and the Finnish Heritage Agency has classified it as a historically significant building with a scenic value.","robots":{"index":"index","follow":"follow","max-snippet":"max-snippet:-1","max-image-preview":"max-image-preview:large","max-video-preview":"max-video-preview:-1"},"canonical":"https:\/\/hospitz.com\/en\/our-story\/","og_locale":"en_US","og_type":"article","og_title":"Our Story - Hotel Hospitz","og_description":"Hospitz has a long history, and the Finnish Heritage Agency has classified it as a historically significant building with a scenic value.","og_url":"https:\/\/hospitz.com\/en\/our-story\/","og_site_name":"Hotel Hospitz","article_publisher":"https:\/\/www.facebook.com\/HotelliHospitz","article_modified_time":"2018-07-05T06:39:34+00:00","og_image":[{"width":2000,"height":1333,"url":"https:\/\/hospitz.com\/wp-content\/uploads\/2018\/06\/Hospitz-0208.jpg","type":"image\/jpeg"}],"twitter_card":"summary_large_image","twitter_misc":{"Est. reading time":"3 minutes"},"schema":{"@context":"https:\/\/schema.org","@graph":[{"@type":"WebPage","@id":"https:\/\/hospitz.com\/en\/our-story\/","url":"https:\/\/hospitz.com\/en\/our-story\/","name":"Our Story - Hotel Hospitz","isPartOf":{"@id":"https:\/\/hospitz.com\/#website"},"primaryImageOfPage":{"@id":"https:\/\/hospitz.com\/en\/our-story\/#primaryimage"},"image":{"@id":"https:\/\/hospitz.com\/en\/our-story\/#primaryimage"},"thumbnailUrl":"https:\/\/hospitz.com\/wp-content\/uploads\/2018\/06\/Hospitz-0208.jpg","datePublished":"2018-07-04T10:00:00+00:00","dateModified":"2018-07-05T06:39:34+00:00","description":"Hospitz has a long history, and the Finnish Heritage Agency has classified it as a historically significant building with a scenic value.","breadcrumb":{"@id":"https:\/\/hospitz.com\/en\/our-story\/#breadcrumb"},"inLanguage":"en-US","potentialAction":[{"@type":"ReadAction","target":["https:\/\/hospitz.com\/en\/our-story\/"]}]},{"@type":"ImageObject","inLanguage":"en-US","@id":"https:\/\/hospitz.com\/en\/our-story\/#primaryimage","url":"https:\/\/hospitz.com\/wp-content\/uploads\/2018\/06\/Hospitz-0208.jpg","contentUrl":"https:\/\/hospitz.com\/wp-content\/uploads\/2018\/06\/Hospitz-0208.jpg","width":2000,"height":1333},{"@type":"BreadcrumbList","@id":"https:\/\/hospitz.com\/en\/our-story\/#breadcrumb","itemListElement":[{"@type":"ListItem","position":1,"name":"Home","item":"https:\/\/hospitz.com\/en\/"},{"@type":"ListItem","position":2,"name":"Our Story"}]},{"@type":"WebSite","@id":"https:\/\/hospitz.com\/#website","url":"https:\/\/hospitz.com\/","name":"Hotel Hospitz","description":"","publisher":{"@id":"https:\/\/hospitz.com\/#organization"},"potentialAction":[{"@type":"SearchAction","target":{"@type":"EntryPoint","urlTemplate":"https:\/\/hospitz.com\/?s={search_term_string}"},"query-input":{"@type":"PropertyValueSpecification","valueRequired":true,"valueName":"search_term_string"}}],"inLanguage":"en-US"},{"@type":"Organization","@id":"https:\/\/hospitz.com\/#organization","name":"Hotel Hospitz","url":"https:\/\/hospitz.com\/","logo":{"@type":"ImageObject","inLanguage":"en-US","@id":"https:\/\/hospitz.com\/#\/schema\/logo\/image\/","url":"https:\/\/hospitz.com\/wp-content\/uploads\/2024\/06\/cropped-Hospitz_pallologo_keltainentausta.png","contentUrl":"https:\/\/hospitz.com\/wp-content\/uploads\/2024\/06\/cropped-Hospitz_pallologo_keltainentausta.png","width":1843,"height":1843,"caption":"Hotel Hospitz"},"image":{"@id":"https:\/\/hospitz.com\/#\/schema\/logo\/image\/"},"sameAs":["https:\/\/www.facebook.com\/HotelliHospitz","https:\/\/www.instagram.com\/hotellihospitz\/"]}]}},"_links":{"self":[{"href":"https:\/\/hospitz.com\/en\/wp-json\/wp\/v2\/pages\/637","targetHints":{"allow":["GET"]}}],"collection":[{"href":"https:\/\/hospitz.com\/en\/wp-json\/wp\/v2\/pages"}],"about":[{"href":"https:\/\/hospitz.com\/en\/wp-json\/wp\/v2\/types\/page"}],"author":[{"embeddable":true,"href":"https:\/\/hospitz.com\/en\/wp-json\/wp\/v2\/users\/2"}],"replies":[{"embeddable":true,"href":"https:\/\/hospitz.com\/en\/wp-json\/wp\/v2\/comments?post=637"}],"version-history":[{"count":13,"href":"https:\/\/hospitz.com\/en\/wp-json\/wp\/v2\/pages\/637\/revisions"}],"predecessor-version":[{"id":708,"href":"https:\/\/hospitz.com\/en\/wp-json\/wp\/v2\/pages\/637\/revisions\/708"}],"wp:featuredmedia":[{"embeddable":true,"href":"https:\/\/hospitz.com\/en\/wp-json\/wp\/v2\/media\/369"}],"wp:attachment":[{"href":"https:\/\/hospitz.com\/en\/wp-json\/wp\/v2\/media?parent=637"}],"curies":[{"name":"wp","href":"https:\/\/api.w.org\/{rel}","templated":true}]}}