{"id":4478,"date":"2023-05-23T08:31:41","date_gmt":"2023-05-23T05:31:41","guid":{"rendered":"https:\/\/hospitz.com\/?page_id=4478"},"modified":"2023-12-08T12:54:37","modified_gmt":"2023-12-08T10:54:37","slug":"kynttillaillallinen","status":"publish","type":"page","link":"https:\/\/hospitz.com\/en\/kynttillaillallinen\/","title":{"rendered":"Candle Dinner"},"content":{"rendered":"<div id=\"pl-4201\" class=\"panel-layout\">\n<div id=\"pg-4201-0\" class=\"panel-grid panel-has-style\" data-style=\"{&quot;id&quot;:&quot;iltapaivatee&quot;,&quot;background_image_attachment&quot;:false,&quot;background_display&quot;:&quot;tile&quot;,&quot;background_image_size&quot;:&quot;full&quot;,&quot;border_thickness&quot;:&quot;1px&quot;,&quot;full_height&quot;:&quot;&quot;,&quot;cell_alignment&quot;:&quot;flex-start&quot;}\">\n<div id=\"iltapaivatee\" class=\"panel-row-style panel-row-style-for-4201-0\">\n<div id=\"pgc-4201-0-0\" class=\"panel-grid-cell\" data-weight=\"1\">\n<div id=\"panel-4201-0-0-0\" class=\"so-panel widget widget_sow-editor panel-first-child panel-last-child\" data-index=\"0\" data-style=\"{&quot;background_image_attachment&quot;:false,&quot;background_display&quot;:&quot;tile&quot;,&quot;background_image_size&quot;:&quot;full&quot;,&quot;border_thickness&quot;:&quot;1px&quot;}\">\n<div class=\"so-widget-sow-editor so-widget-sow-editor-base\">\n<div class=\"siteorigin-widget-tinymce textwidget\">\n<p>&nbsp;<\/p>\n<h1 style=\"text-align: center;\">Candle Dinner<\/h1>\n<p style=\"text-align: center;\"><span style=\"font-size: 19.2px;\">Advance reservation is required 1 day before<\/span><\/p>\n<p style=\"text-align: center;\">Minimum reservation 2 persons<\/p>\n<p>&nbsp;<\/p>\n<h5 style=\"text-align: center;\"><\/h5>\n<\/div>\n<\/div>\n<\/div>\n<\/div>\n<\/div>\n<\/div>\n<div id=\"pg-4201-1\" class=\"panel-grid panel-no-style\">\n<div id=\"pgc-4201-1-0\" class=\"panel-grid-cell\" data-weight=\"0.5\">\n<div id=\"panel-4201-1-0-0\" class=\"so-panel widget widget_sow-editor panel-first-child panel-last-child\" data-index=\"1\" data-style=\"{&quot;background_image_attachment&quot;:false,&quot;background_display&quot;:&quot;tile&quot;,&quot;background_image_size&quot;:&quot;full&quot;,&quot;border_thickness&quot;:&quot;1px&quot;}\">\n<div class=\"so-widget-sow-editor so-widget-sow-editor-base\">\n<div class=\"siteorigin-widget-tinymce textwidget\">\n<p style=\"text-align: center;\"><strong>\u00a0<\/strong><\/p>\n<h5 style=\"text-align: center;\"><span style=\"color: #000000;\">MENU 1<br \/>\n<\/span><span style=\"color: #000000;\"><img decoding=\"async\" class=\"img-responsive wp-image-1611 alignnone\" src=\"https:\/\/hospitz.com\/wp-content\/uploads\/2019\/11\/hospitz-tag01-e1755615295206.png\" sizes=\"(max-width: 75px) 100vw, 75px\" srcset=\"https:\/\/hospitz.com\/wp-content\/uploads\/2019\/11\/hospitz-tag01-300x128.png 300w, https:\/\/hospitz.com\/wp-content\/uploads\/2019\/11\/hospitz-tag01.png 388w\" alt=\"\" width=\"75\" height=\"32\" \/><\/span><\/h5>\n<p style=\"text-align: center;\"><span style=\"color: #000000;\"> P\u00e4iv\u00e4rinne&#8217;s Oat bread and butter<\/span><\/p>\n<h5 style=\"text-align: center;\"><span style=\"color: #000000;\">Chef&#8217;s welcome snack<br \/>\n<\/span><\/h5>\n<p style=\"text-align: center;\">Potato croquette with cheeze<\/p>\n<h5 style=\"text-align: center;\"><span style=\"color: #000000;\">Starter<\/span><\/h5>\n<p style=\"text-align: center;\">Deer tartar, mustard cream, apples, chanterelles, onions and grated horseradish<\/p>\n<h5 style=\"text-align: center;\"><span style=\"color: #000000;\">Main Course<\/span><\/h5>\n<p style=\"text-align: center;\">Charred whitefish and pikeperch terrine,<br \/>\nLobset sauce, roasted onion puree and broccoli stalks<\/p>\n<h5 style=\"text-align: center;\"><span style=\"color: #000000;\">Dessert<\/span><\/h5>\n<p style=\"text-align: center;\">Apple tarte tatin ja Old Porvo&#8217;s vanilla ice cream<\/p>\n<p><strong>\u00a0<\/strong><strong>\u00a0<\/strong><\/p>\n<\/div>\n<\/div>\n<\/div>\n<\/div>\n<div id=\"pgc-4201-1-1\" class=\"panel-grid-cell\" data-weight=\"0.5\">\n<div id=\"panel-4201-1-1-0\" class=\"so-panel widget widget_sow-editor panel-first-child panel-last-child\" data-index=\"2\" data-style=\"{&quot;background_image_attachment&quot;:false,&quot;background_display&quot;:&quot;tile&quot;,&quot;background_image_size&quot;:&quot;full&quot;,&quot;border_thickness&quot;:&quot;1px&quot;}\">\n<div class=\"so-widget-sow-editor so-widget-sow-editor-base\">\n<div class=\"siteorigin-widget-tinymce textwidget\">\n<h5 style=\"text-align: center;\"><span style=\"color: #000000;\">MENU 2<br \/>\n<\/span><span style=\"color: #000000;\"><img decoding=\"async\" class=\"img-responsive wp-image-1611 alignnone\" src=\"https:\/\/hospitz.com\/wp-content\/uploads\/2019\/11\/hospitz-tag01-e1755615295206.png\" sizes=\"(max-width: 75px) 100vw, 75px\" srcset=\"https:\/\/hospitz.com\/wp-content\/uploads\/2019\/11\/hospitz-tag01-300x128.png 300w, https:\/\/hospitz.com\/wp-content\/uploads\/2019\/11\/hospitz-tag01.png 388w\" alt=\"\" width=\"75\" height=\"32\" \/><\/span><\/h5>\n<p style=\"text-align: center;\"><span style=\"color: #000000;\">P\u00e4iv\u00e4rinne&#8217;s Oat bread and butter<\/span><\/p>\n<h5 style=\"text-align: center;\"><span style=\"color: #000000;\">Chef&#8217;s welcome snack<br \/>\n<\/span><\/h5>\n<p style=\"text-align: center;\">Potato croquette with cheeze<\/p>\n<h5 style=\"text-align: center;\"><span style=\"color: #000000;\">Starter<br \/>\n<\/span><\/h5>\n<p style=\"text-align: center;\"><span style=\"color: #000000;\">Lobster bisque soup<\/span><\/p>\n<h5 style=\"text-align: center;\"><span style=\"color: #000000;\">Main course<\/span><\/h5>\n<p style=\"text-align: center;\">Goose breast confit, red wine-cherry sauce,<br \/>\nstem broccoli, carrots and roasted onion puree<\/p>\n<h5 style=\"text-align: center;\"><span style=\"color: #000000;\">Dessert<\/span><\/h5>\n<p style=\"text-align: center;\">Apple tarte tatin ja Old Porvo&#8217;s vanilla ice cream<\/p>\n<p>&nbsp;<\/p>\n<\/div>\n<\/div>\n<\/div>\n<\/div>\n<\/div>\n<div id=\"pg-4201-2\" class=\"panel-grid panel-no-style\">\n<div id=\"pgc-4201-2-0\" class=\"panel-grid-cell\" data-weight=\"1\">\n<div id=\"panel-4201-2-0-0\" class=\"so-panel widget widget_sow-editor panel-first-child\" data-index=\"3\" data-style=\"{&quot;background_image_attachment&quot;:false,&quot;background_display&quot;:&quot;tile&quot;,&quot;background_image_size&quot;:&quot;full&quot;,&quot;border_thickness&quot;:&quot;1px&quot;}\">\n<div class=\"so-widget-sow-editor so-widget-sow-editor-base\">\n<div class=\"siteorigin-widget-tinymce textwidget\">\n<p style=\"text-align: center;\"><strong><span class=\"JsGRdQ\">59\u20ac \/ pers.<\/span><\/strong><\/p>\n<p style=\"text-align: center;\"><span class=\"JsGRdQ\"><span style=\"text-align: left;\"><b>Minimum <\/b><\/span><strong>2 persons\u00a0<\/strong><\/span><\/p>\n<p>&nbsp;<\/p>\n<p style=\"text-align: center;\"><strong>Reservations:<\/strong><br \/>\ninfo@hospitz.com, 015 515 661<\/p>\n<\/div>\n<\/div>\n<\/div>\n<div id=\"panel-4201-2-0-1\" class=\"so-panel widget widget_sow-editor panel-last-child\" data-index=\"4\" data-style=\"{&quot;background_image_attachment&quot;:false,&quot;background_display&quot;:&quot;tile&quot;,&quot;background_image_size&quot;:&quot;full&quot;,&quot;border_thickness&quot;:&quot;1px&quot;}\">\n<div class=\"so-widget-sow-editor so-widget-sow-editor-base\">\n<div class=\"siteorigin-widget-tinymce textwidget\">\n\n<div class=\"wpcf7 no-js\" id=\"wpcf7-f426-o1\" lang=\"fi\" dir=\"ltr\" data-wpcf7-id=\"426\">\n<div class=\"screen-reader-response\"><p role=\"status\" aria-live=\"polite\" aria-atomic=\"true\"><\/p> <ul><\/ul><\/div>\n<form action=\"\/en\/wp-json\/wp\/v2\/pages\/4478#wpcf7-f426-o1\" method=\"post\" class=\"wpcf7-form init\" aria-label=\"Yhteydenottolomake\" novalidate=\"novalidate\" data-status=\"init\">\n<fieldset class=\"hidden-fields-container\"><input type=\"hidden\" name=\"_wpcf7\" value=\"426\" \/><input type=\"hidden\" name=\"_wpcf7_version\" value=\"6.1.5\" \/><input type=\"hidden\" name=\"_wpcf7_locale\" value=\"fi\" \/><input type=\"hidden\" name=\"_wpcf7_unit_tag\" value=\"wpcf7-f426-o1\" \/><input type=\"hidden\" name=\"_wpcf7_container_post\" value=\"0\" \/><input type=\"hidden\" name=\"_wpcf7_posted_data_hash\" value=\"\" \/>\n<\/fieldset>\n<a id=\"yhteydenottolomake\"><\/a>\n<h1 class=\"h1 text-center\">Ota yhteytt\u00e4<\/h1>\n<span class=\"wpcf7-form-control-wrap\" data-name=\"kentta-nimi\"><input size=\"40\" maxlength=\"400\" class=\"wpcf7-form-control wpcf7-text wpcf7-validates-as-required\" aria-required=\"true\" aria-invalid=\"false\" placeholder=\"Nimi*\" value=\"\" type=\"text\" name=\"kentta-nimi\" \/><\/span>\n<span class=\"wpcf7-form-control-wrap\" data-name=\"kentta-email\"><input size=\"40\" maxlength=\"400\" class=\"wpcf7-form-control wpcf7-email wpcf7-validates-as-required wpcf7-text wpcf7-validates-as-email\" aria-required=\"true\" aria-invalid=\"false\" placeholder=\"S\u00e4hk\u00f6posti*\" value=\"\" type=\"email\" name=\"kentta-email\" \/><\/span>\n<span class=\"wpcf7-form-control-wrap\" data-name=\"kentta-puhelinnumero\"><input size=\"40\" maxlength=\"400\" class=\"wpcf7-form-control wpcf7-tel wpcf7-text wpcf7-validates-as-tel\" aria-invalid=\"false\" placeholder=\"Puhelinnumero\" value=\"\" type=\"tel\" name=\"kentta-puhelinnumero\" \/><\/span>\n<div class=\"mt-2\">\n<label>Aihe<\/label><br>\n<span class=\"wpcf7-form-control-wrap\" data-name=\"kentta-aihe\"><select class=\"wpcf7-form-control wpcf7-select\" aria-invalid=\"false\" name=\"kentta-aihe\"><option value=\"\">&#8212;Valitse vaihtoehto&#8212;<\/option><option value=\"Anna palautetta\">Anna palautetta<\/option><option value=\"Kysy tarjous juhlista\">Kysy tarjous juhlista<\/option><option value=\"Kysy tarjous kokouksesta\">Kysy tarjous kokouksesta<\/option><option value=\"Varaa p\u00f6yt\u00e4\">Varaa p\u00f6yt\u00e4<\/option><\/select><\/span>\n<\/div>\n\n<span class=\"wpcf7-form-control-wrap\" data-name=\"kentta-henkilomaara\"><input size=\"40\" maxlength=\"400\" class=\"wpcf7-form-control wpcf7-text\" aria-invalid=\"false\" placeholder=\"Henkil\u00f6m\u00e4\u00e4r\u00e4\" value=\"\" type=\"text\" name=\"kentta-henkilomaara\" \/><\/span>\n<span class=\"wpcf7-form-control-wrap\" data-name=\"kentta-paivamaara\"><input size=\"40\" maxlength=\"400\" class=\"wpcf7-form-control wpcf7-text\" aria-invalid=\"false\" placeholder=\"P\u00e4iv\u00e4m\u00e4\u00e4r\u00e4\" value=\"\" type=\"text\" name=\"kentta-paivamaara\" \/><\/span>\n<span class=\"wpcf7-form-control-wrap\" data-name=\"kentta-viesti\"><textarea cols=\"40\" rows=\"10\" maxlength=\"2000\" class=\"wpcf7-form-control wpcf7-textarea\" aria-invalid=\"false\" placeholder=\"Viestisi\" name=\"kentta-viesti\"><\/textarea><\/span>\n\n<div class=\"mb-4\">\n<span class=\"wpcf7-form-control-wrap\" data-name=\"kentta-hyvaksynta\"><span class=\"wpcf7-form-control wpcf7-acceptance\"><span class=\"wpcf7-list-item\"><label><input type=\"checkbox\" name=\"kentta-hyvaksynta\" value=\"1\" aria-invalid=\"false\" \/><span class=\"wpcf7-list-item-label\">L\u00e4hett\u00e4m\u00e4ll\u00e4 lomakkeen hyv\u00e4ksyn <a href=\"\/tietosuojaseloste\" target=\"_blank\">tietosuojaselosteen<\/a><\/span><\/label><\/span><\/span><\/span>\n<\/div>\n<input class=\"wpcf7-form-control wpcf7-submit has-spinner\" type=\"submit\" value=\"L\u00e4het\u00e4\" \/><p style=\"display: none !important;\" class=\"akismet-fields-container\" data-prefix=\"_wpcf7_ak_\"><label>&#916;<textarea name=\"_wpcf7_ak_hp_textarea\" cols=\"45\" rows=\"8\" maxlength=\"100\"><\/textarea><\/label><input type=\"hidden\" id=\"ak_js_1\" name=\"_wpcf7_ak_js\" value=\"95\"\/><script>document.getElementById( \"ak_js_1\" ).setAttribute( \"value\", ( new Date() ).getTime() );<\/script><\/p><div class=\"wpcf7-response-output\" aria-hidden=\"true\"><\/div>\n<\/form>\n<\/div>\n\n<\/div>\n<\/div>\n<\/div>\n<\/div>\n<\/div>\n<\/div>\n","protected":false},"excerpt":{"rendered":"<p>&nbsp; Candle Dinner Advance reservation is required 1 day before Minimum reservation 2 persons &nbsp; \u00a0 MENU 1 P\u00e4iv\u00e4rinne&#8217;s Oat bread and butter&#8230;<\/p>\n","protected":false},"author":3,"featured_media":5436,"parent":0,"menu_order":0,"comment_status":"closed","ping_status":"closed","template":"","meta":{"footnotes":""},"class_list":["post-4478","page","type-page","status-publish","has-post-thumbnail","hentry"],"yoast_head":"<!-- This site is optimized with the Yoast SEO plugin v27.3 - https:\/\/yoast.com\/product\/yoast-seo-wordpress\/ -->\n<title>Candle Dinner - Hotel Hospitz<\/title>\n<meta name=\"robots\" content=\"index, follow, max-snippet:-1, max-image-preview:large, max-video-preview:-1\" \/>\n<link rel=\"canonical\" href=\"https:\/\/hospitz.com\/en\/kynttillaillallinen\/\" \/>\n<meta property=\"og:locale\" content=\"en_US\" \/>\n<meta property=\"og:type\" content=\"article\" \/>\n<meta property=\"og:title\" content=\"Candle Dinner - Hotel Hospitz\" \/>\n<meta property=\"og:description\" content=\"&nbsp; Candle Dinner Advance reservation is required 1 day before Minimum reservation 2 persons &nbsp; \u00a0 MENU 1 P\u00e4iv\u00e4rinne&#8217;s Oat bread and butter...\" \/>\n<meta property=\"og:url\" content=\"https:\/\/hospitz.com\/en\/kynttillaillallinen\/\" \/>\n<meta property=\"og:site_name\" content=\"Hotel Hospitz\" \/>\n<meta property=\"article:publisher\" content=\"https:\/\/www.facebook.com\/HotelliHospitz\" \/>\n<meta property=\"article:modified_time\" content=\"2023-12-08T10:54:37+00:00\" \/>\n<meta property=\"og:image\" content=\"https:\/\/hospitz.com\/wp-content\/uploads\/2019\/11\/hospitz-tag01-150x150.png\" \/>\n<meta name=\"twitter:card\" content=\"summary_large_image\" \/>\n<meta name=\"twitter:label1\" content=\"Est. reading time\" \/>\n\t<meta name=\"twitter:data1\" content=\"2 minutes\" \/>\n<script type=\"application\/ld+json\" class=\"yoast-schema-graph\">{\"@context\":\"https:\\\/\\\/schema.org\",\"@graph\":[{\"@type\":\"WebPage\",\"@id\":\"https:\\\/\\\/hospitz.com\\\/en\\\/kynttillaillallinen\\\/\",\"url\":\"https:\\\/\\\/hospitz.com\\\/en\\\/kynttillaillallinen\\\/\",\"name\":\"Candle Dinner - Hotel Hospitz\",\"isPartOf\":{\"@id\":\"https:\\\/\\\/hospitz.com\\\/#website\"},\"primaryImageOfPage\":{\"@id\":\"https:\\\/\\\/hospitz.com\\\/en\\\/kynttillaillallinen\\\/#primaryimage\"},\"image\":{\"@id\":\"https:\\\/\\\/hospitz.com\\\/en\\\/kynttillaillallinen\\\/#primaryimage\"},\"thumbnailUrl\":\"https:\\\/\\\/hospitz.com\\\/wp-content\\\/uploads\\\/2025\\\/08\\\/IMG_4305-scaled-e1755619649936.jpg\",\"datePublished\":\"2023-05-23T05:31:41+00:00\",\"dateModified\":\"2023-12-08T10:54:37+00:00\",\"breadcrumb\":{\"@id\":\"https:\\\/\\\/hospitz.com\\\/en\\\/kynttillaillallinen\\\/#breadcrumb\"},\"inLanguage\":\"en-US\",\"potentialAction\":[{\"@type\":\"ReadAction\",\"target\":[\"https:\\\/\\\/hospitz.com\\\/en\\\/kynttillaillallinen\\\/\"]}]},{\"@type\":\"ImageObject\",\"inLanguage\":\"en-US\",\"@id\":\"https:\\\/\\\/hospitz.com\\\/en\\\/kynttillaillallinen\\\/#primaryimage\",\"url\":\"https:\\\/\\\/hospitz.com\\\/wp-content\\\/uploads\\\/2025\\\/08\\\/IMG_4305-scaled-e1755619649936.jpg\",\"contentUrl\":\"https:\\\/\\\/hospitz.com\\\/wp-content\\\/uploads\\\/2025\\\/08\\\/IMG_4305-scaled-e1755619649936.jpg\",\"width\":1707,\"height\":2560},{\"@type\":\"BreadcrumbList\",\"@id\":\"https:\\\/\\\/hospitz.com\\\/en\\\/kynttillaillallinen\\\/#breadcrumb\",\"itemListElement\":[{\"@type\":\"ListItem\",\"position\":1,\"name\":\"Home\",\"item\":\"https:\\\/\\\/hospitz.com\\\/en\\\/\"},{\"@type\":\"ListItem\",\"position\":2,\"name\":\"Candle Dinner\"}]},{\"@type\":\"WebSite\",\"@id\":\"https:\\\/\\\/hospitz.com\\\/#website\",\"url\":\"https:\\\/\\\/hospitz.com\\\/\",\"name\":\"Hotel Hospitz\",\"description\":\"\",\"publisher\":{\"@id\":\"https:\\\/\\\/hospitz.com\\\/#organization\"},\"potentialAction\":[{\"@type\":\"SearchAction\",\"target\":{\"@type\":\"EntryPoint\",\"urlTemplate\":\"https:\\\/\\\/hospitz.com\\\/?s={search_term_string}\"},\"query-input\":{\"@type\":\"PropertyValueSpecification\",\"valueRequired\":true,\"valueName\":\"search_term_string\"}}],\"inLanguage\":\"en-US\"},{\"@type\":\"Organization\",\"@id\":\"https:\\\/\\\/hospitz.com\\\/#organization\",\"name\":\"Hotel Hospitz\",\"url\":\"https:\\\/\\\/hospitz.com\\\/\",\"logo\":{\"@type\":\"ImageObject\",\"inLanguage\":\"en-US\",\"@id\":\"https:\\\/\\\/hospitz.com\\\/#\\\/schema\\\/logo\\\/image\\\/\",\"url\":\"https:\\\/\\\/hospitz.com\\\/wp-content\\\/uploads\\\/2024\\\/06\\\/cropped-Hospitz_pallologo_keltainentausta.png\",\"contentUrl\":\"https:\\\/\\\/hospitz.com\\\/wp-content\\\/uploads\\\/2024\\\/06\\\/cropped-Hospitz_pallologo_keltainentausta.png\",\"width\":1843,\"height\":1843,\"caption\":\"Hotel Hospitz\"},\"image\":{\"@id\":\"https:\\\/\\\/hospitz.com\\\/#\\\/schema\\\/logo\\\/image\\\/\"},\"sameAs\":[\"https:\\\/\\\/www.facebook.com\\\/HotelliHospitz\",\"https:\\\/\\\/www.instagram.com\\\/hotellihospitz\\\/\"]}]}<\/script>\n<!-- \/ Yoast SEO plugin. -->","yoast_head_json":{"title":"Candle Dinner - Hotel Hospitz","robots":{"index":"index","follow":"follow","max-snippet":"max-snippet:-1","max-image-preview":"max-image-preview:large","max-video-preview":"max-video-preview:-1"},"canonical":"https:\/\/hospitz.com\/en\/kynttillaillallinen\/","og_locale":"en_US","og_type":"article","og_title":"Candle Dinner - Hotel Hospitz","og_description":"&nbsp; Candle Dinner Advance reservation is required 1 day before Minimum reservation 2 persons &nbsp; \u00a0 MENU 1 P\u00e4iv\u00e4rinne&#8217;s Oat bread and butter...","og_url":"https:\/\/hospitz.com\/en\/kynttillaillallinen\/","og_site_name":"Hotel Hospitz","article_publisher":"https:\/\/www.facebook.com\/HotelliHospitz","article_modified_time":"2023-12-08T10:54:37+00:00","og_image":[{"url":"https:\/\/hospitz.com\/wp-content\/uploads\/2019\/11\/hospitz-tag01-150x150.png","type":"","width":"","height":""}],"twitter_card":"summary_large_image","twitter_misc":{"Est. reading time":"2 minutes"},"schema":{"@context":"https:\/\/schema.org","@graph":[{"@type":"WebPage","@id":"https:\/\/hospitz.com\/en\/kynttillaillallinen\/","url":"https:\/\/hospitz.com\/en\/kynttillaillallinen\/","name":"Candle Dinner - Hotel Hospitz","isPartOf":{"@id":"https:\/\/hospitz.com\/#website"},"primaryImageOfPage":{"@id":"https:\/\/hospitz.com\/en\/kynttillaillallinen\/#primaryimage"},"image":{"@id":"https:\/\/hospitz.com\/en\/kynttillaillallinen\/#primaryimage"},"thumbnailUrl":"https:\/\/hospitz.com\/wp-content\/uploads\/2025\/08\/IMG_4305-scaled-e1755619649936.jpg","datePublished":"2023-05-23T05:31:41+00:00","dateModified":"2023-12-08T10:54:37+00:00","breadcrumb":{"@id":"https:\/\/hospitz.com\/en\/kynttillaillallinen\/#breadcrumb"},"inLanguage":"en-US","potentialAction":[{"@type":"ReadAction","target":["https:\/\/hospitz.com\/en\/kynttillaillallinen\/"]}]},{"@type":"ImageObject","inLanguage":"en-US","@id":"https:\/\/hospitz.com\/en\/kynttillaillallinen\/#primaryimage","url":"https:\/\/hospitz.com\/wp-content\/uploads\/2025\/08\/IMG_4305-scaled-e1755619649936.jpg","contentUrl":"https:\/\/hospitz.com\/wp-content\/uploads\/2025\/08\/IMG_4305-scaled-e1755619649936.jpg","width":1707,"height":2560},{"@type":"BreadcrumbList","@id":"https:\/\/hospitz.com\/en\/kynttillaillallinen\/#breadcrumb","itemListElement":[{"@type":"ListItem","position":1,"name":"Home","item":"https:\/\/hospitz.com\/en\/"},{"@type":"ListItem","position":2,"name":"Candle Dinner"}]},{"@type":"WebSite","@id":"https:\/\/hospitz.com\/#website","url":"https:\/\/hospitz.com\/","name":"Hotel Hospitz","description":"","publisher":{"@id":"https:\/\/hospitz.com\/#organization"},"potentialAction":[{"@type":"SearchAction","target":{"@type":"EntryPoint","urlTemplate":"https:\/\/hospitz.com\/?s={search_term_string}"},"query-input":{"@type":"PropertyValueSpecification","valueRequired":true,"valueName":"search_term_string"}}],"inLanguage":"en-US"},{"@type":"Organization","@id":"https:\/\/hospitz.com\/#organization","name":"Hotel Hospitz","url":"https:\/\/hospitz.com\/","logo":{"@type":"ImageObject","inLanguage":"en-US","@id":"https:\/\/hospitz.com\/#\/schema\/logo\/image\/","url":"https:\/\/hospitz.com\/wp-content\/uploads\/2024\/06\/cropped-Hospitz_pallologo_keltainentausta.png","contentUrl":"https:\/\/hospitz.com\/wp-content\/uploads\/2024\/06\/cropped-Hospitz_pallologo_keltainentausta.png","width":1843,"height":1843,"caption":"Hotel Hospitz"},"image":{"@id":"https:\/\/hospitz.com\/#\/schema\/logo\/image\/"},"sameAs":["https:\/\/www.facebook.com\/HotelliHospitz","https:\/\/www.instagram.com\/hotellihospitz\/"]}]}},"_links":{"self":[{"href":"https:\/\/hospitz.com\/en\/wp-json\/wp\/v2\/pages\/4478","targetHints":{"allow":["GET"]}}],"collection":[{"href":"https:\/\/hospitz.com\/en\/wp-json\/wp\/v2\/pages"}],"about":[{"href":"https:\/\/hospitz.com\/en\/wp-json\/wp\/v2\/types\/page"}],"author":[{"embeddable":true,"href":"https:\/\/hospitz.com\/en\/wp-json\/wp\/v2\/users\/3"}],"replies":[{"embeddable":true,"href":"https:\/\/hospitz.com\/en\/wp-json\/wp\/v2\/comments?post=4478"}],"version-history":[{"count":18,"href":"https:\/\/hospitz.com\/en\/wp-json\/wp\/v2\/pages\/4478\/revisions"}],"predecessor-version":[{"id":4768,"href":"https:\/\/hospitz.com\/en\/wp-json\/wp\/v2\/pages\/4478\/revisions\/4768"}],"wp:featuredmedia":[{"embeddable":true,"href":"https:\/\/hospitz.com\/en\/wp-json\/wp\/v2\/media\/5436"}],"wp:attachment":[{"href":"https:\/\/hospitz.com\/en\/wp-json\/wp\/v2\/media?parent=4478"}],"curies":[{"name":"wp","href":"https:\/\/api.w.org\/{rel}","templated":true}]}}