{"id":1795,"date":"2019-11-25T11:59:24","date_gmt":"2019-11-25T09:59:24","guid":{"rendered":"https:\/\/hospitz.com\/restaurant\/oopperakattaukset\/"},"modified":"2025-05-03T20:58:50","modified_gmt":"2025-05-03T17:58:50","slug":"operadinner","status":"publish","type":"page","link":"https:\/\/hospitz.com\/en\/restaurant\/operadinner\/","title":{"rendered":"Opera dinners"},"content":{"rendered":"<div id=\"pl-1795\"  class=\"panel-layout\" ><div id=\"pg-1795-0\"  class=\"panel-grid panel-no-style\" ><div id=\"pgc-1795-0-0\"  class=\"panel-grid-cell\" ><div id=\"panel-1795-0-0-0\" class=\"so-panel widget widget_sow-editor panel-first-child panel-last-child\" data-index=\"0\" ><div\n\t\t\t\n\t\t\tclass=\"so-widget-sow-editor so-widget-sow-editor-base\"\n\t\t\t\n\t\t>\n<div class=\"siteorigin-widget-tinymce textwidget\">\n\t<div class=\"siteorigin-widget-tinymce textwidget\">\n<h5 style=\"text-align: center;\">EAT &amp; ENjoy pre or after the opera<\/h5>\n<h1 style=\"text-align: center;\">Opera Buffet and Night Buffet 2025<\/h1>\n<p style=\"text-align: center;\">During the Opera Festivals in July, we serve a 3.5-hour\u00a0 dinner buffet before performance, and a lighter 2-hour night buffet after performance.<br \/>\nBuffet is served from our legendary boat. Enjoy variety of local fishes, tasty meat and fresh salads. Pre-opera dinner includes also main course, dessert and coffee\/tea.<br \/>\nBuffet is best enjoyed with quality wines and other beverages.<\/p>\n<\/div>\n<p style=\"text-align: center;\">Opera buffet dinner is suitable for individuals and groups as well -no matter if you stay at the hotel or not.<br \/>\nTable reservations are recommended.<br \/>\nTable reservations by phone <a style=\"background-color: #ffffff;\" href=\"tel:+35815515661\">+358 15 515 661<\/a> or by mail <a style=\"background-color: #ffffff;\" href=\"mailto:info@hospitz.com\">info@hospitz.com\u00a0<\/a><\/p>\n<div class=\"siteorigin-widget-tinymce textwidget\">\n<p style=\"text-align: center;\">Welcome!<\/p>\n<\/div>\n<p>&nbsp;<\/p>\n<div class=\"siteorigin-widget-tinymce textwidget\">\n<p style=\"text-align: center;\"><img decoding=\"async\" class=\"img-responsive aligncenter wp-image-1611\" src=\"https:\/\/hospitz.com\/wp-content\/uploads\/2019\/11\/hospitz-tag01-300x128.png\" alt=\"\" width=\"150\" height=\"64\" \/><\/p>\n<\/div>\n<\/div>\n<\/div><\/div><\/div><\/div><div id=\"pg-1795-1\"  class=\"panel-grid panel-no-style\" ><div id=\"pgc-1795-1-0\"  class=\"panel-grid-cell\" ><div id=\"panel-1795-1-0-0\" class=\"so-panel widget widget_sow-editor panel-first-child panel-last-child\" data-index=\"1\" ><div\n\t\t\t\n\t\t\tclass=\"so-widget-sow-editor so-widget-sow-editor-base\"\n\t\t\t\n\t\t>\n<div class=\"siteorigin-widget-tinymce textwidget\">\n\t<h1 style=\"text-align: center;\"><strong>Opera buffet<\/strong><\/h1>\n<p style=\"text-align: center;\">Pre-opera dinner is served 3:30 PM - 7 PM<\/p>\n<p style=\"text-align: center;\">Menu 78 eur \/ person<br \/>\nKids under 12 y.o.\u00a0 1\u20ac \/ year<\/p>\n<\/div>\n<\/div><\/div><\/div><\/div><div id=\"pg-1795-2\"  class=\"panel-grid panel-no-style\" ><div id=\"pgc-1795-2-0\"  class=\"panel-grid-cell\" ><div id=\"panel-1795-2-0-0\" class=\"so-panel widget widget_sow-image panel-first-child panel-last-child\" data-index=\"2\" ><div\n\t\t\t\n\t\t\tclass=\"so-widget-sow-image so-widget-sow-image-default-8b5b6f678277-1795\"\n\t\t\t\n\t\t>\n<div class=\"sow-image-container\">\n\t\t<img fetchpriority=\"high\" \n\tsrc=\"https:\/\/hospitz.com\/wp-content\/uploads\/2022\/05\/ruoka-1.jpg\" width=\"532\" height=\"794\" srcset=\"https:\/\/hospitz.com\/wp-content\/uploads\/2022\/05\/ruoka-1.jpg 532w, https:\/\/hospitz.com\/wp-content\/uploads\/2022\/05\/ruoka-1-201x300.jpg 201w\" sizes=\"(max-width: 532px) 100vw, 532px\" title=\"ruoka 1\" alt=\"\" \t\tclass=\"so-widget-image\"\/>\n\t<\/div>\n\n<\/div><\/div><\/div><div id=\"pgc-1795-2-1\"  class=\"panel-grid-cell\" ><div id=\"panel-1795-2-1-0\" class=\"so-panel widget widget_sow-editor panel-first-child panel-last-child\" data-index=\"3\" ><div\n\t\t\t\n\t\t\tclass=\"so-widget-sow-editor so-widget-sow-editor-base\"\n\t\t\t\n\t\t>\n<div class=\"siteorigin-widget-tinymce textwidget\">\n\t<p class=\"\" data-start=\"57\" data-end=\"83\">Butter potatoes (G, L)<\/p>\n<p class=\"\" data-start=\"86\" data-end=\"107\">Skagen tartlets (L)<\/p>\n<p class=\"\" data-start=\"110\" data-end=\"174\">Dill-cured salmon with mustard seed and cucumber jam (G, M)<\/p>\n<p class=\"\" data-start=\"177\" data-end=\"222\">Dill-onion marinated cured whitefish (G, M)<\/p>\n<p class=\"\" data-start=\"225\" data-end=\"259\">Cold-smoked rainbow trout (G, M)<\/p>\n<p>Cold-smoked pike with spruce tip jam (G, M)<\/p>\n<p>Flame-grilled salmon with dill-onion jam(G, M)<\/p>\n<p class=\"\" data-start=\"365\" data-end=\"388\">Smoked vendace (G, M)<\/p>\n<p class=\"\" data-start=\"391\" data-end=\"429\">Cold-smoked rainbow trout roe (G, M)<\/p>\n<p class=\"\" data-start=\"432\" data-end=\"449\">Cavi-art (G, M)<\/p>\n<p class=\"\" data-start=\"452\" data-end=\"489\">Onion and whipped sour cream (G, L)<\/p>\n<p class=\"\" data-start=\"492\" data-end=\"529\">Traditional alder-smoked ham (G, M)<\/p>\n<p class=\"\" data-start=\"532\" data-end=\"556\">Salt-cured beef (G, M)<\/p>\n<p class=\"\" data-start=\"559\" data-end=\"581\">Turkey breast (G, M)<\/p>\n<p class=\"\" data-start=\"584\" data-end=\"625\">Rhubarb-redcurrant-onion jam (G, M)<\/p>\n<\/div>\n<\/div><\/div><\/div><div id=\"pgc-1795-2-2\"  class=\"panel-grid-cell\" ><div id=\"panel-1795-2-2-0\" class=\"so-panel widget widget_sow-editor panel-first-child panel-last-child\" data-index=\"4\" ><div\n\t\t\t\n\t\t\tclass=\"so-widget-sow-editor so-widget-sow-editor-base\"\n\t\t\t\n\t\t>\n<div class=\"siteorigin-widget-tinymce textwidget\">\n\t<p class=\"\" data-start=\"628\" data-end=\"670\">Porcini jelly with pickled mushrooms (G)<\/p>\n<p class=\"\" data-start=\"673\" data-end=\"784\">Fresh green salad with strawberries, cucumber, tomato, caramelized seeds, and lemon vinaigrette (G, M)<\/p>\n<p class=\"\" data-start=\"787\" data-end=\"813\">Crayfish pasta salad (L)<\/p>\n<p class=\"\" data-start=\"816\" data-end=\"888\">Lentil-quinoa salad with grilled zucchini and citrus sour cream (L, G)<\/p>\n<p>******<\/p>\n<p>Beef flank steak (G,M)<\/p>\n<p>Dark herb sauce (G,L)<\/p>\n<p>Roasted butter potatoes (G,L)<\/p>\n<p>Broccolini and cherry tomatoes<\/p>\n<p>******<\/p>\n<p>House bread and butter (L)<\/p>\n<p>******<\/p>\n<p class=\"\" data-start=\"1132\" data-end=\"1150\">Berry pastry (L)<\/p>\n<p class=\"\" data-start=\"1153\" data-end=\"1169\">Coffee and tea<\/p>\n<\/div>\n<\/div><\/div><\/div><\/div><div id=\"pg-1795-3\"  class=\"panel-grid panel-no-style\" ><div id=\"pgc-1795-3-0\"  class=\"panel-grid-cell\" ><div id=\"panel-1795-3-0-0\" class=\"so-panel widget widget_sow-editor panel-first-child panel-last-child\" data-index=\"5\" ><div\n\t\t\t\n\t\t\tclass=\"so-widget-sow-editor so-widget-sow-editor-base\"\n\t\t\t\n\t\t>\n<div class=\"siteorigin-widget-tinymce textwidget\">\n\t<h1 style=\"text-align: center;\"><strong>Night Buffet<\/strong><\/h1>\n<p style=\"text-align: center;\">After opera buffet is served 10 - 12 PM<\/p>\n<p style=\"text-align: center;\">Menu 52 eur \/ person<br \/>\nKids under 12 y.o.\u00a0 1\u20ac \/ year<\/p>\n<\/div>\n<\/div><\/div><\/div><\/div><div id=\"pg-1795-4\"  class=\"panel-grid panel-no-style\" ><div id=\"pgc-1795-4-0\"  class=\"panel-grid-cell\" ><div id=\"panel-1795-4-0-0\" class=\"so-panel widget widget_sow-image panel-first-child panel-last-child\" data-index=\"6\" ><div\n\t\t\t\n\t\t\tclass=\"so-widget-sow-image so-widget-sow-image-default-8b5b6f678277-1795\"\n\t\t\t\n\t\t>\n<div class=\"sow-image-container\">\n\t\t<img fetchpriority=\"high\" \n\tsrc=\"https:\/\/hospitz.com\/wp-content\/uploads\/2022\/05\/ruoka-1.jpg\" width=\"532\" height=\"794\" srcset=\"https:\/\/hospitz.com\/wp-content\/uploads\/2022\/05\/ruoka-1.jpg 532w, https:\/\/hospitz.com\/wp-content\/uploads\/2022\/05\/ruoka-1-201x300.jpg 201w\" sizes=\"(max-width: 532px) 100vw, 532px\" title=\"ruoka 1\" alt=\"\" \t\tclass=\"so-widget-image\"\/>\n\t<\/div>\n\n<\/div><\/div><\/div><div id=\"pgc-1795-4-1\"  class=\"panel-grid-cell\" ><div id=\"panel-1795-4-1-0\" class=\"so-panel widget widget_sow-editor panel-first-child panel-last-child\" data-index=\"7\" ><div\n\t\t\t\n\t\t\tclass=\"so-widget-sow-editor so-widget-sow-editor-base\"\n\t\t\t\n\t\t>\n<div class=\"siteorigin-widget-tinymce textwidget\">\n\t<p class=\"\" data-start=\"51\" data-end=\"77\">Butter potatoes (G, L)<\/p>\n<p class=\"\" data-start=\"80\" data-end=\"101\">Skagen tartlets (L)<\/p>\n<p class=\"\" data-start=\"104\" data-end=\"138\">Cold-smoked rainbow trout (G, M)<\/p>\n<p class=\"\" data-start=\"141\" data-end=\"193\">Flame-grilled salmon with dill-onion relish (G, M)<\/p>\n<p class=\"\" data-start=\"196\" data-end=\"219\">Smoked vendace (G, M)<\/p>\n<p class=\"\" data-start=\"222\" data-end=\"239\">Cavi-art (G, M)<\/p>\n<p class=\"\" data-start=\"242\" data-end=\"271\">Wakame seaweed salad (G, M)<\/p>\n<p class=\"\" data-start=\"274\" data-end=\"300\">Rainbow trout roe (G, M)<\/p>\n<p>Chopped onion and whipped sour cream<\/p>\n<p class=\"\" data-start=\"387\" data-end=\"424\">Traditional alder-smoked ham (G, M)<\/p>\n<p class=\"\" data-start=\"427\" data-end=\"449\">Turkey breast (G, M)<\/p>\n<p class=\"\" data-start=\"452\" data-end=\"493\">Rhubarb-redcurrant-onion jam (G, M)<\/p>\n<p class=\"\" data-start=\"516\" data-end=\"629\">Fresh green salad with strawberries, tomatoes, cucumber, caramelized seeds, and lemon vinaigrette (G, M)<\/p>\n<p class=\"\" data-start=\"632\" data-end=\"658\">Crayfish pasta salad (L)<\/p>\n<p class=\"\" data-start=\"661\" data-end=\"733\">Lentil-quinoa salad with grilled zucchini and citrus sour cream (L, G)<\/p>\n<p>******<\/p>\n<p class=\"\" data-start=\"761\" data-end=\"789\">Artisan Young Lamb Sausage from Putkisalo Manor (L, G)<\/p>\n<p class=\"\" data-start=\"792\" data-end=\"817\">Homemade mustard (L, G)<\/p>\n<p class=\"\" data-start=\"820\" data-end=\"851\">Herb-seasoned potatoes (L, G)<\/p>\n<p>Seed bread (L)<\/p>\n<p>Muhonen\u2019s rye bread and whipped butter (L)<\/p>\n<\/div>\n<\/div><\/div><\/div><\/div><\/div>","protected":false},"excerpt":{"rendered":"<p>EAT &amp; ENjoy pre or after the opera Opera Buffet and Night Buffet 2025 During the Opera Festivals in July, we serve a&#8230;<\/p>\n","protected":false},"author":3,"featured_media":2256,"parent":1342,"menu_order":10,"comment_status":"closed","ping_status":"closed","template":"","meta":{"footnotes":""},"class_list":["post-1795","page","type-page","status-publish","has-post-thumbnail","hentry"],"yoast_head":"<!-- This site is optimized with the Yoast SEO plugin v27.4 - https:\/\/yoast.com\/product\/yoast-seo-wordpress\/ -->\n<title>Opera dinners - Hotel Hospitz<\/title>\n<meta name=\"description\" content=\"Nauti upeassa salissa p\u00e4iv\u00e4llist\u00e4 hyviss\u00e4 ajoin ennen illan oopperaa tai sen j\u00e4lkeen. Tilaa ruokailut seurueellesi nyt!\" \/>\n<meta name=\"robots\" content=\"index, follow, max-snippet:-1, max-image-preview:large, max-video-preview:-1\" \/>\n<link rel=\"canonical\" href=\"https:\/\/hospitz.com\/en\/restaurant\/operadinner\/\" \/>\n<meta property=\"og:locale\" content=\"en_US\" \/>\n<meta property=\"og:type\" content=\"article\" \/>\n<meta property=\"og:title\" content=\"Opera dinners - Hotel Hospitz\" \/>\n<meta property=\"og:description\" content=\"Nauti upeassa salissa p\u00e4iv\u00e4llist\u00e4 hyviss\u00e4 ajoin ennen illan oopperaa tai sen j\u00e4lkeen. Tilaa ruokailut seurueellesi nyt!\" \/>\n<meta property=\"og:url\" content=\"https:\/\/hospitz.com\/en\/restaurant\/operadinner\/\" \/>\n<meta property=\"og:site_name\" content=\"Hotel Hospitz\" \/>\n<meta property=\"article:publisher\" content=\"https:\/\/www.facebook.com\/HotelliHospitz\" \/>\n<meta property=\"article:modified_time\" content=\"2025-05-03T17:58:50+00:00\" \/>\n<meta property=\"og:image\" content=\"https:\/\/hospitz.com\/wp-content\/uploads\/2020\/07\/ruoka-1-scaled.jpg\" \/>\n\t<meta property=\"og:image:width\" content=\"2560\" \/>\n\t<meta property=\"og:image:height\" content=\"1587\" \/>\n\t<meta property=\"og:image:type\" content=\"image\/jpeg\" \/>\n<meta name=\"twitter:card\" content=\"summary_large_image\" \/>\n<meta name=\"twitter:label1\" content=\"Est. reading time\" \/>\n\t<meta name=\"twitter:data1\" content=\"4 minutes\" \/>\n<script type=\"application\/ld+json\" class=\"yoast-schema-graph\">{\"@context\":\"https:\\\/\\\/schema.org\",\"@graph\":[{\"@type\":\"WebPage\",\"@id\":\"https:\\\/\\\/hospitz.com\\\/en\\\/restaurant\\\/operadinner\\\/\",\"url\":\"https:\\\/\\\/hospitz.com\\\/en\\\/restaurant\\\/operadinner\\\/\",\"name\":\"Opera dinners - Hotel Hospitz\",\"isPartOf\":{\"@id\":\"https:\\\/\\\/hospitz.com\\\/#website\"},\"primaryImageOfPage\":{\"@id\":\"https:\\\/\\\/hospitz.com\\\/en\\\/restaurant\\\/operadinner\\\/#primaryimage\"},\"image\":{\"@id\":\"https:\\\/\\\/hospitz.com\\\/en\\\/restaurant\\\/operadinner\\\/#primaryimage\"},\"thumbnailUrl\":\"https:\\\/\\\/hospitz.com\\\/wp-content\\\/uploads\\\/2020\\\/07\\\/ruoka-1-scaled.jpg\",\"datePublished\":\"2019-11-25T09:59:24+00:00\",\"dateModified\":\"2025-05-03T17:58:50+00:00\",\"description\":\"Nauti upeassa salissa p\u00e4iv\u00e4llist\u00e4 hyviss\u00e4 ajoin ennen illan oopperaa tai sen j\u00e4lkeen. Tilaa ruokailut seurueellesi nyt!\",\"breadcrumb\":{\"@id\":\"https:\\\/\\\/hospitz.com\\\/en\\\/restaurant\\\/operadinner\\\/#breadcrumb\"},\"inLanguage\":\"en-US\",\"potentialAction\":[{\"@type\":\"ReadAction\",\"target\":[\"https:\\\/\\\/hospitz.com\\\/en\\\/restaurant\\\/operadinner\\\/\"]}]},{\"@type\":\"ImageObject\",\"inLanguage\":\"en-US\",\"@id\":\"https:\\\/\\\/hospitz.com\\\/en\\\/restaurant\\\/operadinner\\\/#primaryimage\",\"url\":\"https:\\\/\\\/hospitz.com\\\/wp-content\\\/uploads\\\/2020\\\/07\\\/ruoka-1-scaled.jpg\",\"contentUrl\":\"https:\\\/\\\/hospitz.com\\\/wp-content\\\/uploads\\\/2020\\\/07\\\/ruoka-1-scaled.jpg\",\"width\":2560,\"height\":1587,\"caption\":\"venebuffet\"},{\"@type\":\"BreadcrumbList\",\"@id\":\"https:\\\/\\\/hospitz.com\\\/en\\\/restaurant\\\/operadinner\\\/#breadcrumb\",\"itemListElement\":[{\"@type\":\"ListItem\",\"position\":1,\"name\":\"Home\",\"item\":\"https:\\\/\\\/hospitz.com\\\/en\\\/\"},{\"@type\":\"ListItem\",\"position\":2,\"name\":\"Restaurant\",\"item\":\"https:\\\/\\\/hospitz.com\\\/en\\\/restaurant\\\/\"},{\"@type\":\"ListItem\",\"position\":3,\"name\":\"Opera dinners\"}]},{\"@type\":\"WebSite\",\"@id\":\"https:\\\/\\\/hospitz.com\\\/#website\",\"url\":\"https:\\\/\\\/hospitz.com\\\/\",\"name\":\"Hotel Hospitz\",\"description\":\"\",\"publisher\":{\"@id\":\"https:\\\/\\\/hospitz.com\\\/#organization\"},\"potentialAction\":[{\"@type\":\"SearchAction\",\"target\":{\"@type\":\"EntryPoint\",\"urlTemplate\":\"https:\\\/\\\/hospitz.com\\\/?s={search_term_string}\"},\"query-input\":{\"@type\":\"PropertyValueSpecification\",\"valueRequired\":true,\"valueName\":\"search_term_string\"}}],\"inLanguage\":\"en-US\"},{\"@type\":\"Organization\",\"@id\":\"https:\\\/\\\/hospitz.com\\\/#organization\",\"name\":\"Hotel Hospitz\",\"url\":\"https:\\\/\\\/hospitz.com\\\/\",\"logo\":{\"@type\":\"ImageObject\",\"inLanguage\":\"en-US\",\"@id\":\"https:\\\/\\\/hospitz.com\\\/#\\\/schema\\\/logo\\\/image\\\/\",\"url\":\"https:\\\/\\\/hospitz.com\\\/wp-content\\\/uploads\\\/2024\\\/06\\\/cropped-Hospitz_pallologo_keltainentausta.png\",\"contentUrl\":\"https:\\\/\\\/hospitz.com\\\/wp-content\\\/uploads\\\/2024\\\/06\\\/cropped-Hospitz_pallologo_keltainentausta.png\",\"width\":1843,\"height\":1843,\"caption\":\"Hotel Hospitz\"},\"image\":{\"@id\":\"https:\\\/\\\/hospitz.com\\\/#\\\/schema\\\/logo\\\/image\\\/\"},\"sameAs\":[\"https:\\\/\\\/www.facebook.com\\\/HotelliHospitz\",\"https:\\\/\\\/www.instagram.com\\\/hotellihospitz\\\/\"]}]}<\/script>\n<!-- \/ Yoast SEO plugin. -->","yoast_head_json":{"title":"Opera dinners - Hotel Hospitz","description":"Nauti upeassa salissa p\u00e4iv\u00e4llist\u00e4 hyviss\u00e4 ajoin ennen illan oopperaa tai sen j\u00e4lkeen. Tilaa ruokailut seurueellesi nyt!","robots":{"index":"index","follow":"follow","max-snippet":"max-snippet:-1","max-image-preview":"max-image-preview:large","max-video-preview":"max-video-preview:-1"},"canonical":"https:\/\/hospitz.com\/en\/restaurant\/operadinner\/","og_locale":"en_US","og_type":"article","og_title":"Opera dinners - Hotel Hospitz","og_description":"Nauti upeassa salissa p\u00e4iv\u00e4llist\u00e4 hyviss\u00e4 ajoin ennen illan oopperaa tai sen j\u00e4lkeen. Tilaa ruokailut seurueellesi nyt!","og_url":"https:\/\/hospitz.com\/en\/restaurant\/operadinner\/","og_site_name":"Hotel Hospitz","article_publisher":"https:\/\/www.facebook.com\/HotelliHospitz","article_modified_time":"2025-05-03T17:58:50+00:00","og_image":[{"width":2560,"height":1587,"url":"https:\/\/hospitz.com\/wp-content\/uploads\/2020\/07\/ruoka-1-scaled.jpg","type":"image\/jpeg"}],"twitter_card":"summary_large_image","twitter_misc":{"Est. reading time":"4 minutes"},"schema":{"@context":"https:\/\/schema.org","@graph":[{"@type":"WebPage","@id":"https:\/\/hospitz.com\/en\/restaurant\/operadinner\/","url":"https:\/\/hospitz.com\/en\/restaurant\/operadinner\/","name":"Opera dinners - Hotel Hospitz","isPartOf":{"@id":"https:\/\/hospitz.com\/#website"},"primaryImageOfPage":{"@id":"https:\/\/hospitz.com\/en\/restaurant\/operadinner\/#primaryimage"},"image":{"@id":"https:\/\/hospitz.com\/en\/restaurant\/operadinner\/#primaryimage"},"thumbnailUrl":"https:\/\/hospitz.com\/wp-content\/uploads\/2020\/07\/ruoka-1-scaled.jpg","datePublished":"2019-11-25T09:59:24+00:00","dateModified":"2025-05-03T17:58:50+00:00","description":"Nauti upeassa salissa p\u00e4iv\u00e4llist\u00e4 hyviss\u00e4 ajoin ennen illan oopperaa tai sen j\u00e4lkeen. Tilaa ruokailut seurueellesi nyt!","breadcrumb":{"@id":"https:\/\/hospitz.com\/en\/restaurant\/operadinner\/#breadcrumb"},"inLanguage":"en-US","potentialAction":[{"@type":"ReadAction","target":["https:\/\/hospitz.com\/en\/restaurant\/operadinner\/"]}]},{"@type":"ImageObject","inLanguage":"en-US","@id":"https:\/\/hospitz.com\/en\/restaurant\/operadinner\/#primaryimage","url":"https:\/\/hospitz.com\/wp-content\/uploads\/2020\/07\/ruoka-1-scaled.jpg","contentUrl":"https:\/\/hospitz.com\/wp-content\/uploads\/2020\/07\/ruoka-1-scaled.jpg","width":2560,"height":1587,"caption":"venebuffet"},{"@type":"BreadcrumbList","@id":"https:\/\/hospitz.com\/en\/restaurant\/operadinner\/#breadcrumb","itemListElement":[{"@type":"ListItem","position":1,"name":"Home","item":"https:\/\/hospitz.com\/en\/"},{"@type":"ListItem","position":2,"name":"Restaurant","item":"https:\/\/hospitz.com\/en\/restaurant\/"},{"@type":"ListItem","position":3,"name":"Opera dinners"}]},{"@type":"WebSite","@id":"https:\/\/hospitz.com\/#website","url":"https:\/\/hospitz.com\/","name":"Hotel Hospitz","description":"","publisher":{"@id":"https:\/\/hospitz.com\/#organization"},"potentialAction":[{"@type":"SearchAction","target":{"@type":"EntryPoint","urlTemplate":"https:\/\/hospitz.com\/?s={search_term_string}"},"query-input":{"@type":"PropertyValueSpecification","valueRequired":true,"valueName":"search_term_string"}}],"inLanguage":"en-US"},{"@type":"Organization","@id":"https:\/\/hospitz.com\/#organization","name":"Hotel Hospitz","url":"https:\/\/hospitz.com\/","logo":{"@type":"ImageObject","inLanguage":"en-US","@id":"https:\/\/hospitz.com\/#\/schema\/logo\/image\/","url":"https:\/\/hospitz.com\/wp-content\/uploads\/2024\/06\/cropped-Hospitz_pallologo_keltainentausta.png","contentUrl":"https:\/\/hospitz.com\/wp-content\/uploads\/2024\/06\/cropped-Hospitz_pallologo_keltainentausta.png","width":1843,"height":1843,"caption":"Hotel Hospitz"},"image":{"@id":"https:\/\/hospitz.com\/#\/schema\/logo\/image\/"},"sameAs":["https:\/\/www.facebook.com\/HotelliHospitz","https:\/\/www.instagram.com\/hotellihospitz\/"]}]}},"_links":{"self":[{"href":"https:\/\/hospitz.com\/en\/wp-json\/wp\/v2\/pages\/1795","targetHints":{"allow":["GET"]}}],"collection":[{"href":"https:\/\/hospitz.com\/en\/wp-json\/wp\/v2\/pages"}],"about":[{"href":"https:\/\/hospitz.com\/en\/wp-json\/wp\/v2\/types\/page"}],"author":[{"embeddable":true,"href":"https:\/\/hospitz.com\/en\/wp-json\/wp\/v2\/users\/3"}],"replies":[{"embeddable":true,"href":"https:\/\/hospitz.com\/en\/wp-json\/wp\/v2\/comments?post=1795"}],"version-history":[{"count":26,"href":"https:\/\/hospitz.com\/en\/wp-json\/wp\/v2\/pages\/1795\/revisions"}],"predecessor-version":[{"id":5345,"href":"https:\/\/hospitz.com\/en\/wp-json\/wp\/v2\/pages\/1795\/revisions\/5345"}],"up":[{"embeddable":true,"href":"https:\/\/hospitz.com\/en\/wp-json\/wp\/v2\/pages\/1342"}],"wp:featuredmedia":[{"embeddable":true,"href":"https:\/\/hospitz.com\/en\/wp-json\/wp\/v2\/media\/2256"}],"wp:attachment":[{"href":"https:\/\/hospitz.com\/en\/wp-json\/wp\/v2\/media?parent=1795"}],"curies":[{"name":"wp","href":"https:\/\/api.w.org\/{rel}","templated":true}]}}